{"id":17996,"date":"2026-04-07T09:26:52","date_gmt":"2026-04-07T06:26:52","guid":{"rendered":"https:\/\/www.d-tek.com.tr\/?page_id=17996"},"modified":"2026-04-11T21:59:41","modified_gmt":"2026-04-11T18:59:41","slug":"modul-1-tibbi-laboratuvarlarda-surec-yaklasimi-ve-surec-kartinin-olusturulmasi","status":"publish","type":"page","link":"https:\/\/www.d-tek.com.tr\/en\/modul-1-tibbi-laboratuvarlarda-surec-yaklasimi-ve-surec-kartinin-olusturulmasi\/","title":{"rendered":"M1_Input"},"content":{"rendered":"<p>Module 1. Process Approach and Process Chart Creation in Medical Laboratories<\/p>\n<p>This module includes a process approach, process chart, and application examples.<\/p>\n<p><strong>Contents:<\/strong><\/p>\n<ul>\n<li>Video 1: Process Approach<\/li>\n<li>Information Check<\/li>\n<li>Video 2: Process Card<\/li>\n<li>Information Check<\/li>\n<li>Video 3: Module Message and Application Assignment<\/li>\n<li>Module End Assessment<\/li>\n<li>Application Solutions<\/li>\n<\/ul>\n<p><strong>Evaluation:<\/strong><\/p>\n<ul>\n<li>Knowledge test questions are not graded.<\/li>\n<li>Mod\u00fcl sonu de\u011ferlendirme s\u0131nav\u0131 (MSD) %80 ba\u015far\u0131 \u00fczerinden de\u011ferlendirilir.<\/li>\n<\/ul>\n<p>&nbsp;<\/p>\n<p><strong>\ud83d\udc49 Click the button below to get started.<\/strong><\/p>\n<p><a style=\"background: #2e7d32; color: white; padding: 12px 20px; text-decoration: none; border-radius: 6px;\" href=\"\/en\/m1_v1\/\"><br \/>\nStart Module<br \/>\n<\/a><\/p>","protected":false},"excerpt":{"rendered":"<p>Mod\u00fcl 1.\u00a0T\u0131bbi Laboratuvarlarda S\u00fcre\u00e7 Yakla\u015f\u0131m\u0131 ve S\u00fcre\u00e7 Kart\u0131n\u0131n Olu\u015fturulmas\u0131 Bu mod\u00fcl s\u00fcre\u00e7 yakla\u015f\u0131m\u0131, s\u00fcre\u00e7 kart\u0131 ve uygulama \u00f6rneklerini i\u00e7erir. \u0130\u00e7erik: Video 1: S\u00fcre\u00e7 yakla\u015f\u0131m\u0131 Bilgi Yoklama Video 2: S\u00fcre\u00e7 kart\u0131 Bilgi Yoklama Video 3: Mod\u00fcl Mesaj\u0131 ve Uygulama \u00d6devi Mod\u00fcl Sonu De\u011ferlendirme Uygulama \u00c7\u00f6z\u00fcmleri De\u011ferlendirme: Bilgi yoklama sorular\u0131na puan verilmez. Mod\u00fcl sonu de\u011ferlendirme s\u0131nav\u0131 (MSD)&hellip;<\/p>","protected":false},"author":2,"featured_media":0,"parent":0,"menu_order":0,"comment_status":"closed","ping_status":"closed","template":"","meta":{"footnotes":""},"class_list":["post-17996","page","type-page","status-publish","hentry","entry","no-media"],"_links":{"self":[{"href":"https:\/\/www.d-tek.com.tr\/en\/wp-json\/wp\/v2\/pages\/17996","targetHints":{"allow":["GET"]}}],"collection":[{"href":"https:\/\/www.d-tek.com.tr\/en\/wp-json\/wp\/v2\/pages"}],"about":[{"href":"https:\/\/www.d-tek.com.tr\/en\/wp-json\/wp\/v2\/types\/page"}],"author":[{"embeddable":true,"href":"https:\/\/www.d-tek.com.tr\/en\/wp-json\/wp\/v2\/users\/2"}],"replies":[{"embeddable":true,"href":"https:\/\/www.d-tek.com.tr\/en\/wp-json\/wp\/v2\/comments?post=17996"}],"version-history":[{"count":12,"href":"https:\/\/www.d-tek.com.tr\/en\/wp-json\/wp\/v2\/pages\/17996\/revisions"}],"predecessor-version":[{"id":18406,"href":"https:\/\/www.d-tek.com.tr\/en\/wp-json\/wp\/v2\/pages\/17996\/revisions\/18406"}],"wp:attachment":[{"href":"https:\/\/www.d-tek.com.tr\/en\/wp-json\/wp\/v2\/media?parent=17996"}],"curies":[{"name":"wp","href":"https:\/\/api.w.org\/{rel}","templated":true}]}}