{"id":17983,"date":"2026-04-07T08:54:42","date_gmt":"2026-04-07T05:54:42","guid":{"rendered":"https:\/\/www.d-tek.com.tr\/?page_id=17983"},"modified":"2026-04-11T09:13:12","modified_gmt":"2026-04-11T06:13:12","slug":"m1_by1","status":"publish","type":"page","link":"https:\/\/www.d-tek.com.tr\/en\/m1_by1\/","title":{"rendered":"M1_BY1"},"content":{"rendered":"<h2>Module 1 \u2013 Knowledge Assessment 1<\/h2>\n<p>Please answer the following questions.<\/p>\n[qsm quiz=43]\n<p>&nbsp;<\/p>\n<p><strong>After completing the quiz and viewing your results, click the button below to proceed to the next video.<\/strong><\/p>\n<p>&nbsp;<\/p>\n<p><a id=\"btnNext\" style=\"background: #aaa; color: white; padding: 12px 20px; text-decoration: none; border-radius: 6px; display: inline-block; pointer-events: none;\" href=\"https:\/\/www.d-tek.com.tr\/en\/m1-v2\/\"><br \/>\nSkip to the next video.<br \/>\n<\/a><br \/>\n<script>\ndocument.addEventListener(\"click\", function(e) {\n  if (e.target && e.target.matches(\"input[type='submit'], button[type='submit']\")) {\n    setTimeout(function() {\n      var btn = document.getElementById(\"btnNext\");\n      btn.style.pointerEvents = \"auto\";\n      btn.style.background = \"#2e7d32\";\n    }, 1000);\n  }\n});\n<\/script><\/p>","protected":false},"excerpt":{"rendered":"<p>Mod\u00fcl 1 \u2013 Bilgi Yoklama 1 L\u00fctfen a\u015fa\u011f\u0131daki sorular\u0131 yan\u0131tlay\u0131n\u0131z. [qsm quiz=43] &nbsp; Bilgi yoklamay\u0131 tamamlad\u0131ktan ve sonucunuzu g\u00f6rd\u00fckten sonra a\u015fa\u011f\u0131daki butonla sonraki videoya ge\u00e7iniz. &nbsp; Sonraki Videoya Ge\u00e7<\/p>","protected":false},"author":2,"featured_media":0,"parent":0,"menu_order":0,"comment_status":"closed","ping_status":"closed","template":"","meta":{"footnotes":""},"class_list":["post-17983","page","type-page","status-publish","hentry","entry","no-media"],"_links":{"self":[{"href":"https:\/\/www.d-tek.com.tr\/en\/wp-json\/wp\/v2\/pages\/17983","targetHints":{"allow":["GET"]}}],"collection":[{"href":"https:\/\/www.d-tek.com.tr\/en\/wp-json\/wp\/v2\/pages"}],"about":[{"href":"https:\/\/www.d-tek.com.tr\/en\/wp-json\/wp\/v2\/types\/page"}],"author":[{"embeddable":true,"href":"https:\/\/www.d-tek.com.tr\/en\/wp-json\/wp\/v2\/users\/2"}],"replies":[{"embeddable":true,"href":"https:\/\/www.d-tek.com.tr\/en\/wp-json\/wp\/v2\/comments?post=17983"}],"version-history":[{"count":9,"href":"https:\/\/www.d-tek.com.tr\/en\/wp-json\/wp\/v2\/pages\/17983\/revisions"}],"predecessor-version":[{"id":18091,"href":"https:\/\/www.d-tek.com.tr\/en\/wp-json\/wp\/v2\/pages\/17983\/revisions\/18091"}],"wp:attachment":[{"href":"https:\/\/www.d-tek.com.tr\/en\/wp-json\/wp\/v2\/media?parent=17983"}],"curies":[{"name":"wp","href":"https:\/\/api.w.org\/{rel}","templated":true}]}}