{"id":17193,"date":"2022-09-24T20:33:03","date_gmt":"2022-09-24T17:33:03","guid":{"rendered":"https:\/\/www.d-tek.com.tr\/?page_id=17193"},"modified":"2022-09-24T20:58:16","modified_gmt":"2022-09-24T17:58:16","slug":"dijital-cozumlerde-danismanliklarimiz","status":"publish","type":"page","link":"https:\/\/www.d-tek.com.tr\/en\/hizmetlerimiz\/danismanliklarimiz\/dijital-cozumlerde-danismanliklarimiz\/","title":{"rendered":"Our Consulting Services in Digital Solutions"},"content":{"rendered":"<p><span style=\"font-size: 16px;\">For Quality and Risk Management software consulting. <span style=\"text-decoration: underline;\"><span style=\"color: #3366ff; font-size: 18px; text-decoration: underline;\"><a style=\"color: #3366ff; text-decoration: underline;\" href=\"https:\/\/www.q5systems.com\/\">Click here<\/a>.<\/span><\/span><\/span><\/p>\n<p><span style=\"font-size: 16px;\">For the benefits provided by the quality and risk management software that we represent. <span style=\"text-decoration: underline; color: #3366ff;\"><a style=\"color: #3366ff;\" href=\"https:\/\/www.d-tek.com.tr\/en\/hizmetlerimiz\/yonetim-yazilimi-temsilciligimiz\/\"><span style=\"font-size: 18px;\">Click here<\/span><\/a><\/span>.<\/span><\/p>\n<p><span style=\"font-size: 16px;\">For data mining services in your organization <a href=\"https:\/\/www.d-tek.com.tr\/en\/hizmetlerimiz\/veri-analizi-ve-hesaplama-hizmetlerimiz\/\"><span style=\"text-decoration: underline;\"><span style=\"color: #3366ff; font-size: 18px; text-decoration: underline;\">Click here<\/span><\/span><\/a>.<\/span><\/p>","protected":false},"excerpt":{"rendered":"<p>Kalite ve Risk Y\u00f6netimi yaz\u0131l\u0131m\u0131 dan\u0131\u015fmanl\u0131\u011f\u0131 i\u00e7in t\u0131klay\u0131n\u0131z. Temsilcisi oldu\u011fumuz kalite ve risk y\u00f6netimi yaz\u0131l\u0131m\u0131n\u0131n sa\u011flad\u0131klar\u0131 i\u00e7in t\u0131klay\u0131n\u0131z. Kurulu\u015funuzda veri madencili\u011fi hizmeti i\u00e7in t\u0131klay\u0131n\u0131z.<\/p>","protected":false},"author":2,"featured_media":0,"parent":16250,"menu_order":0,"comment_status":"closed","ping_status":"closed","template":"","meta":{"footnotes":""},"class_list":["post-17193","page","type-page","status-publish","hentry","entry","no-media"],"_links":{"self":[{"href":"https:\/\/www.d-tek.com.tr\/en\/wp-json\/wp\/v2\/pages\/17193","targetHints":{"allow":["GET"]}}],"collection":[{"href":"https:\/\/www.d-tek.com.tr\/en\/wp-json\/wp\/v2\/pages"}],"about":[{"href":"https:\/\/www.d-tek.com.tr\/en\/wp-json\/wp\/v2\/types\/page"}],"author":[{"embeddable":true,"href":"https:\/\/www.d-tek.com.tr\/en\/wp-json\/wp\/v2\/users\/2"}],"replies":[{"embeddable":true,"href":"https:\/\/www.d-tek.com.tr\/en\/wp-json\/wp\/v2\/comments?post=17193"}],"version-history":[{"count":9,"href":"https:\/\/www.d-tek.com.tr\/en\/wp-json\/wp\/v2\/pages\/17193\/revisions"}],"predecessor-version":[{"id":17206,"href":"https:\/\/www.d-tek.com.tr\/en\/wp-json\/wp\/v2\/pages\/17193\/revisions\/17206"}],"up":[{"embeddable":true,"href":"https:\/\/www.d-tek.com.tr\/en\/wp-json\/wp\/v2\/pages\/16250"}],"wp:attachment":[{"href":"https:\/\/www.d-tek.com.tr\/en\/wp-json\/wp\/v2\/media?parent=17193"}],"curies":[{"name":"wp","href":"https:\/\/api.w.org\/{rel}","templated":true}]}}