{"id":16812,"date":"2022-08-01T11:13:52","date_gmt":"2022-08-01T08:13:52","guid":{"rendered":"https:\/\/www.d-tek.com.tr\/?page_id=16812"},"modified":"2025-05-27T17:01:42","modified_gmt":"2025-05-27T14:01:42","slug":"dijital-saglik","status":"publish","type":"page","link":"https:\/\/www.d-tek.com.tr\/en\/projelerimiz\/dijital-saglik\/","title":{"rendered":"Digital Health: What, How Much, and How Should I Learn?"},"content":{"rendered":"<p><span style=\"font-size: 16px;\"><span style=\"font-size: 18px;\">In the digital age, healthcare professionals have to use various software programs. How do you answer these questions?<\/span><br \/>\n<\/span><\/p>\n<ul>\n<li><strong><span style=\"font-size: 16px;\">Managers:<\/span><\/strong>\n<ul>\n<li><span style=\"font-size: 16px;\">How knowledgeable are you about the selection process for these software programs?<br \/>\n<\/span><\/li>\n<li><span style=\"font-size: 16px;\">What do you need to learn to choose the right software?<\/span><\/li>\n<\/ul>\n<\/li>\n<li><span style=\"font-size: 16px;\"><strong>Physicians:<\/strong><br \/>\n<\/span><\/p>\n<ul>\n<li><span style=\"font-size: 16px;\">What is your knowledge of using these software programs?<br \/>\n<\/span><\/li>\n<li><span style=\"font-size: 16px;\">Are you offered ongoing training programs on digital health?<\/span><\/li>\n<\/ul>\n<\/li>\n<li><span style=\"font-size: 16px;\"><strong>Medical Laboratory Specialists:<\/strong><br \/>\n<\/span><\/p>\n<ul>\n<li><span style=\"font-size: 16px;\">How much do you know about Laboratory Information Management Systems (LAM) that you need to install in your laboratory?<br \/>\n<\/span><\/li>\n<li><span style=\"font-size: 16px;\">When choosing these systems, are you aware of their integration capabilities with other software in your lab?<\/span><\/li>\n<li><span style=\"font-size: 16px;\">Are you offered ongoing training programs on digital health?<\/span><\/li>\n<\/ul>\n<\/li>\n<li><span style=\"font-size: 16px;\"><strong>Data Professionals and Health Information Technology \/ Software Developers and Producers:<\/strong><br \/>\n<\/span><\/p>\n<ul>\n<li><span style=\"font-size: 16px;\">What problems are you encountering regarding the health information technologies you are developing or producing?<\/span><\/li>\n<li><span style=\"font-size: 16px;\">What information would you like users to have obtained?\u00a0<\/span><\/li>\n<\/ul>\n<\/li>\n<\/ul>\n<p><span style=\"font-size: 16px;\">Completing these surveys will be very beneficial in shaping the future of digital health in T\u00fcrkiye.<\/span><\/p>\n<ul>\n<li><span style=\"font-size: 16px;\">First, please fill out the Participant Information Form: <a class=\"color-button blue\" href=\"https:\/\/forms.gle\/MifoJvm1xA3dS7tf6\">Click here for the form.<\/a><\/span><br \/>\n<span style=\"font-size: 16px;\"><span style=\"font-size: 18px;\"><strong><span style=\"color: #ff6600;\">Participant Information Form<\/span><\/strong><\/span> <span style=\"font-size: 18px;\"><strong><span style=\"color: #ff6600;\">once<\/span><\/strong><\/span> will be filled in.<\/span><br \/>\n<span style=\"font-size: 16px;\">All surveys are important for a holistic view of digital health. However, you can only complete the surveys that interest you. You can access the surveys listed below by clicking on the colored links.<br \/>\n<\/span><\/li>\n<li><span style=\"font-size: 16px;\"><span style=\"font-size: 18px;\"><strong>Data Management Maturity:<\/strong> <\/span>The success of healthcare software in your hospital <strong><span style=\"color: #ff6600; font-size: 18px;\">to the success of data management implementation<\/span><\/strong> It depends. <a class=\"color-button blue\" href=\"https:\/\/forms.gle\/MMdbF26az9F3R3wG6\">Click here to evaluate the status of your data management.<\/a><\/span><\/li>\n<li><span style=\"font-size: 16px;\"><span style=\"font-size: 18px;\"><strong>Data Literacy:<\/strong><\/span> Success in the use, selection, production, and evaluation of software results. <span style=\"font-size: 18px;\"><strong><span style=\"color: #ff6600;\">your data literacy<\/span><\/strong><\/span>\u00a0It depends. <a class=\"color-button blue\" href=\"https:\/\/forms.gle\/nC66BRJXvJZjQ6Js8\">Click here to assess your data literacy level.<\/a><\/span><\/li>\n<li><span style=\"font-size: 16px;\"><span style=\"font-size: 18px;\"><strong><span style=\"color: #ff6600;\">National Health Data Management,<\/span><\/strong><\/span> Healthcare services in the country are key to success. Defining a national health data strategy is key to the success of all software. \u00a0<a class=\"color-button blue\" href=\"https:\/\/forms.gle\/p8f6AgFQNUe7dW9SA\">Click here to evaluate the status of National Health Data Management.<\/a><\/span><\/li>\n<li><span style=\"font-size: 16px;\"><span style=\"font-size: 18px;\"><strong>Interoperability Standards in Healthcare:<\/strong><\/span> A hospital or medical laboratory uses a large number of software programs. These programs must work together. Therefore, software integration is necessary. For this reason... <span style=\"font-size: 18px;\"><strong><span style=\"color: #ff6600;\">health information exchange and interoperability standards<\/span><\/strong><\/span> It is used. <a class=\"color-button blue\" href=\"https:\/\/forms.gle\/URbsRZFmMEDZ8cUr8\">Click here to evaluate the usage status of the Interoperability Standard in Healthcare.<\/a>\u00a0<\/span><\/li>\n<li><span style=\"font-size: 16px;\"><span style=\"font-size: 18px;\"><strong>Secondary Use of Health Data:<\/strong><\/span> Data used for patient care is also used for medical and health research, quality assurance, and strategic goals and policies. <span style=\"font-size: 18px;\"><strong><span style=\"color: #ff6600;\">secondary use<\/span><\/strong><\/span> This is called secondary use of health data. Many countries have developed national strategies for the secondary use of health data. Physicians can use this data to provide evidence-based information to their patients. <a class=\"color-button blue\" href=\"https:\/\/forms.gle\/cQXmYgux1dzYyNL6A\">Click here to evaluate the secondary use of health data.<\/a><\/span><\/li>\n<li><a class=\"color-button blue\" href=\"https:\/\/forms.gle\/iUjDz39btyADcqKz7\"><span style=\"font-size: 16px;\"> Click here to evaluate the secondary use of medical laboratory data.<\/span><\/a><\/li>\n<li><a class=\"color-button blue\" href=\"https:\/\/forms.gle\/gTi4Yx96rFPfxTs77\"><span style=\"font-size: 16px;\">Click here to evaluate the secondary use of performance appraisal data in healthcare.<\/span><\/a><\/li>\n<li><span style=\"font-size: 16px;\"><span style=\"font-size: 18px; color: #ff6600;\"><strong>National Health Information System<\/strong><\/span>, It directs all hospitals and healthcare providers. <a class=\"color-button blue\" href=\"https:\/\/forms.gle\/TAPXAm3Nq271Nwg67\">Click here to evaluate the status of the National Health Information System.<\/a><\/span><\/li>\n<li><strong><span style=\"font-size: 16px;\">The Workforce in Digital Health: <\/span><\/strong><span style=\"font-size: 16px;\">Successful healthcare relies on a skilled workforce. Digital health is structured to facilitate successful healthcare. For success in digital health, there are common learning objectives for all healthcare professionals, from administrators and physicians to the most remote healthcare worker, as well as data professionals and information technology professionals. In this context, subject area specializations should be structured and training programs should be developed. Both institutional managements and scientific and professional associations are responsible for these programs. <a class=\"color-button blue\" href=\"https:\/\/forms.gle\/iKWcnqWKR8jSp5At5\">Click here for an assessment of the workforce situation in digital health in T\u00fcrkiye.\u00a0<\/a><\/span><\/li>\n<\/ul>\n<p><span style=\"text-decoration: underline;\"><span style=\"font-size: 16px;\"><strong>Information about the project:<\/strong><\/span><\/span><\/p>\n<p>Our company, located in Pamukkale Technopark, is carrying out the project &quot;PT-PRJ-2020-009 Evaluation of the Utilization of Information Obtained from Medical Laboratories in National Health Strategies and Determination of Contributions and Recommendations for Increasing Capacity in the e-Health System&quot;.<\/p>\n<p>The aim of this project is to develop national digital health and e-health strategies based on real-world data. To this end, the project aims to evaluate the role of medical laboratories, which play a crucial role in human health and patient safety, within the e-health system, to contribute to this research, and to compile recommendations.<\/p>\n<p>The project consists of two sub-projects:<\/p>\n<ol>\n<li>Determining the role of medical laboratories in the national e-health strategy document;<\/li>\n<li>In this context, identifying what needs to be done to increase capacity and contributing to capacity building in the infrastructure.<\/li>\n<\/ol>\n<p>Project-related files can be accessed by clicking on the headings below:<\/p>\n<ul>\n<li><a class=\"color-button blue\" href=\"https:\/\/www.d-tek.com.tr\/wp-content\/uploads\/2025\/04\/01-Proje-baglaminda-toplanan-bilgiler-2.pdf\">Click here for the headings under which the collected information is presented.<\/a><\/li>\n<li><a class=\"color-button blue\" href=\"https:\/\/www.d-tek.com.tr\/wp-content\/uploads\/2025\/05\/01-Anket-Blgilendirme-Yazisi-2.pdf\">Click here for the Survey Information Document.<\/a>.\n<ul>\n<li>You can access and complete the surveys by clicking on the URL addresses in the Survey Information Document.<\/li>\n<li>First, you must fill out the Participant Information Form. You will use the code you provide on this form in all surveys. This helps shorten the survey completion time (between 3-8 minutes).<\/li>\n<li>It depends on each subsequent survey. In this context, you will not need to return to this page again.<\/li>\n<\/ul>\n<\/li>\n<li><a class=\"color-button blue\" href=\"https:\/\/www.d-tek.com.tr\/wp-content\/uploads\/2025\/04\/Anketlere-Davet-Edilenler.pdf\">Click here for the list of institutions and organizations invited to participate in the surveys.<\/a>.<\/li>\n<li><a class=\"color-button blue\" href=\"https:\/\/www.d-tek.com.tr\/wp-content\/uploads\/2025\/04\/03-Etik-Kurul-Onayi-G-41-DR.-DILER-ASLAN-1.pdf\">Click here for the Ethics Committee approval certificate.<\/a><\/li>\n<\/ul>\n<ol>\n<li style=\"list-style-type: none;\"><\/li>\n<\/ol>","protected":false},"excerpt":{"rendered":"<p>Dijital \u00c7a\u011fda, sa\u011fl\u0131k \u00e7al\u0131\u015fanlar\u0131 \u00e7e\u015fitli yaz\u0131l\u0131mlar\u0131 kullanmak zorunda kal\u0131yorlar. \u015eu sorular\u0131 nas\u0131l yan\u0131tl\u0131yorsunuz? Y\u00f6neticiler: Bu yaz\u0131l\u0131mlar\u0131 se\u00e7ilmesinde ne derece bilgi sahibisiniz? En do\u011fru yaz\u0131l\u0131m\u0131 se\u00e7mek i\u00e7in neler \u00f6\u011frenmeniz gerekiyor? Hekimler: Bu yaz\u0131l\u0131mlar\u0131n kullan\u0131lmas\u0131 konusunda bilginiz nedir? Sizlere dijital sa\u011fl\u0131k konusunda s\u00fcrekli e\u011fitim programlar\u0131 d\u00fczenleniyor mu? T\u0131bbi Laboratuvar Uzmanlar\u0131: Laboratuvar\u0131n\u0131za kurman\u0131z gereken Laboratuvar Bilgi Y\u00f6netim Sistemleri&hellip;<\/p>","protected":false},"author":2,"featured_media":0,"parent":16387,"menu_order":0,"comment_status":"closed","ping_status":"closed","template":"","meta":{"footnotes":""},"class_list":["post-16812","page","type-page","status-publish","hentry","entry","no-media"],"_links":{"self":[{"href":"https:\/\/www.d-tek.com.tr\/en\/wp-json\/wp\/v2\/pages\/16812","targetHints":{"allow":["GET"]}}],"collection":[{"href":"https:\/\/www.d-tek.com.tr\/en\/wp-json\/wp\/v2\/pages"}],"about":[{"href":"https:\/\/www.d-tek.com.tr\/en\/wp-json\/wp\/v2\/types\/page"}],"author":[{"embeddable":true,"href":"https:\/\/www.d-tek.com.tr\/en\/wp-json\/wp\/v2\/users\/2"}],"replies":[{"embeddable":true,"href":"https:\/\/www.d-tek.com.tr\/en\/wp-json\/wp\/v2\/comments?post=16812"}],"version-history":[{"count":38,"href":"https:\/\/www.d-tek.com.tr\/en\/wp-json\/wp\/v2\/pages\/16812\/revisions"}],"predecessor-version":[{"id":17623,"href":"https:\/\/www.d-tek.com.tr\/en\/wp-json\/wp\/v2\/pages\/16812\/revisions\/17623"}],"up":[{"embeddable":true,"href":"https:\/\/www.d-tek.com.tr\/en\/wp-json\/wp\/v2\/pages\/16387"}],"wp:attachment":[{"href":"https:\/\/www.d-tek.com.tr\/en\/wp-json\/wp\/v2\/media?parent=16812"}],"curies":[{"name":"wp","href":"https:\/\/api.w.org\/{rel}","templated":true}]}}