{"id":16392,"date":"2020-01-31T16:08:32","date_gmt":"2020-01-31T13:08:32","guid":{"rendered":"https:\/\/www.d-tek.com.tr\/?page_id=16392"},"modified":"2020-02-06T11:26:43","modified_gmt":"2020-02-06T08:26:43","slug":"etkinlikler","status":"publish","type":"page","link":"https:\/\/www.d-tek.com.tr\/en\/etkinlikler\/","title":{"rendered":"Events"},"content":{"rendered":"<p>The Turkish In Vitro Diagnostic Symposium took place on February 18-20, 2016 at the Kaya Thermal Hotel in \u0130zmir. For the final report, please see below.\u00a0<a href=\"https:\/\/www.d-tek.com.tr\/wp-content\/uploads\/2013\/11\/SonucRaporu_IVDIzmir2016-Semp_20160228.pdf\" data-saferedirecturl=\"https:\/\/www.google.com\/url?hl=tr&amp;q=http:\/\/www.d-tek.com.tr\/wp-content\/uploads\/2016\/03\/SonucRaporu_IVDIzmir2016%2520Semp_20160228.pdf&amp;source=gmail&amp;ust=1509916553321000&amp;usg=AFQjCNE6iuMsnrJ3lNsd-qFtTRtm5OT8rA\">Click here<\/a>. The papers related to the symposium are listed below. <a href=\"https:\/\/www.degruyter.com\/view\/j\/tjb.2016.41.issue-s3\/issue-files\/tjb.2016.41.issue-s3.xml\">https:\/\/www.degruyter.com\/view\/j\/tjb.2016.41.issue-s3\/issue-files\/tjb.2016.41.issue-s3.xml\u00a0<\/a>The announcements can be accessed at this address.<\/p>\n<ol>\n<li>K\u00f6se AF, \u00c7elebi S, Cengiz H, Harmanc\u0131 D, Ko\u00e7ak A, Canbay E, Aslan D, Sezer E, Pabu\u00e7\u00e7uo\u011flu A, Ko\u00e7dor H. Evaluation of the 1st Turkey In Vitro Diagnostic Symposium. Turk J Biochem, 41 (S3):166. 2016.<\/li>\n<li>Ko\u00e7dor H, Sezer E, Erbayraktar Z. Pabu\u00e7\u00e7uo\u011flu A, Onat T, Oktay G, Akdo\u011fan GG, Yener N, Sa\u011f\u0131n F, Aslan D. 1st Turkey In Vitro Diagnostic Symposium Final Report. Turk J Biochem, 41 (S3):168. 2016.<\/li>\n<\/ol>","protected":false},"excerpt":{"rendered":"<p>T\u00fcrkiye in vitro Diyagnostik Sempozyumu 18-20 \u015eubat 2016 tarihlerinde Kaya Termal Otel, \u0130zmir\u2019de ger\u00e7ekle\u015fti. Sonu\u00e7 raporu i\u00e7in l\u00fctfen\u00a0t\u0131klay\u0131n\u0131z. Sempozyum ile ile ilgili bildiriler a\u015fa\u011f\u0131da listelenmektedir. https:\/\/www.degruyter.com\/view\/j\/tjb.2016.41.issue-s3\/issue-files\/tjb.2016.41.issue-s3.xml\u00a0adresinden bildirilere eri\u015filebilir. K\u00f6se AF, \u00c7elebi S, Cengiz H, Harmanc\u0131 D, Ko\u00e7ak A, Canbay E, Aslan D, Sezer E, Pabu\u00e7\u00e7uo\u011flu A, Ko\u00e7dor H. 1.T\u00fcrkiye in Vitro Diagnostik Sempozyumu De\u011ferlendirilmesi. Turk&hellip;<\/p>","protected":false},"author":1,"featured_media":0,"parent":0,"menu_order":0,"comment_status":"closed","ping_status":"closed","template":"templates\/no-sidebar.php","meta":{"footnotes":""},"class_list":["post-16392","page","type-page","status-publish","hentry","entry","no-media"],"_links":{"self":[{"href":"https:\/\/www.d-tek.com.tr\/en\/wp-json\/wp\/v2\/pages\/16392","targetHints":{"allow":["GET"]}}],"collection":[{"href":"https:\/\/www.d-tek.com.tr\/en\/wp-json\/wp\/v2\/pages"}],"about":[{"href":"https:\/\/www.d-tek.com.tr\/en\/wp-json\/wp\/v2\/types\/page"}],"author":[{"embeddable":true,"href":"https:\/\/www.d-tek.com.tr\/en\/wp-json\/wp\/v2\/users\/1"}],"replies":[{"embeddable":true,"href":"https:\/\/www.d-tek.com.tr\/en\/wp-json\/wp\/v2\/comments?post=16392"}],"version-history":[{"count":2,"href":"https:\/\/www.d-tek.com.tr\/en\/wp-json\/wp\/v2\/pages\/16392\/revisions"}],"predecessor-version":[{"id":16530,"href":"https:\/\/www.d-tek.com.tr\/en\/wp-json\/wp\/v2\/pages\/16392\/revisions\/16530"}],"wp:attachment":[{"href":"https:\/\/www.d-tek.com.tr\/en\/wp-json\/wp\/v2\/media?parent=16392"}],"curies":[{"name":"wp","href":"https:\/\/api.w.org\/{rel}","templated":true}]}}