{"id":16307,"date":"2020-01-31T14:51:46","date_gmt":"2020-01-31T11:51:46","guid":{"rendered":"https:\/\/www.d-tek.com.tr\/?page_id=16307"},"modified":"2020-03-23T13:07:01","modified_gmt":"2020-03-23T10:07:01","slug":"uzaktan-egitimlerimiz","status":"publish","type":"page","link":"https:\/\/www.d-tek.com.tr\/en\/hizmetlerimiz\/egitimlerimiz\/uzaktan-egitimlerimiz\/","title":{"rendered":"Our Distance Learning Courses"},"content":{"rendered":"<div id=\"yui_3_17_2_1_1493587574959_91\" class=\"category with_children loaded\" data-categoryid=\"1\" data-depth=\"1\" data-showcourses=\"15\" data-type=\"0\">\n<div class=\"info\">\n<h2 id=\"yui_3_17_2_1_1493587574959_94\" class=\"categoryname\"><span style=\"color: #333333;\"><a style=\"color: #333333;\" href=\"https:\/\/www.d-tek.com.tr\/moodle\/course\/index.php?categoryid=1\">Applied Medical Laboratory Mathematics and Statistics Courses (Click here for information on courses and registration in this category.)<\/a><\/span><\/h2>\n<\/div>\n<div class=\"content\">\n<div class=\"courses\">\n<div class=\"coursebox clearfix odd first collapsed\" data-courseid=\"3\" data-type=\"1\">\n<div class=\"info\">\n<ul>\n<li class=\"coursename\"><span style=\"color: #333333;\"><a class=\"\" style=\"color: #333333;\" href=\"https:\/\/www.d-tek.com.tr\/en\/moodle\/course\/view.php\/?id=3\">Course 1. Performance characteristics of analytical procedures; basic definitions, concepts and laboratory statistics.<\/a><\/span><\/li>\n<li class=\"coursename\"><span style=\"color: #333333;\"><a class=\"\" style=\"color: #333333;\" href=\"https:\/\/www.d-tek.com.tr\/moodle\/enrol\/index.php?id=15\">Course 2. Validation and verification of analysis\/measurement procedures.<\/a><\/span><\/li>\n<li class=\"coursename\"><span style=\"color: #333333;\"><a class=\"\" style=\"color: #333333;\" href=\"https:\/\/www.d-tek.com.tr\/en\/moodle\/course\/view.php\/?id=5\">Course 3. Reference range calculation.<\/a><\/span><\/li>\n<li class=\"coursename\"><span style=\"color: #333333;\"><a class=\"\" style=\"color: #333333;\" href=\"https:\/\/www.d-tek.com.tr\/en\/moodle\/course\/view.php\/?id=6\">Course 4. Establishing and monitoring an internal quality control program.<\/a><\/span><\/li>\n<li class=\"coursename\"><span style=\"color: #333333;\"><a class=\"\" style=\"color: #333333;\" href=\"https:\/\/www.d-tek.com.tr\/en\/moodle\/course\/view.php\/?id=7\">Course 5. Calculating and reporting the uncertainty of a measured quantity.<\/a><\/span><\/li>\n<li class=\"coursename\"><span style=\"color: #333333;\"><a class=\"\" style=\"color: #333333;\" href=\"https:\/\/www.d-tek.com.tr\/en\/moodle\/course\/view.php\/?id=8\">Course 6. Demonstrating that analytical quality is consistently maintained.<\/a><\/span><\/li>\n<li class=\"coursename\"><span style=\"color: #333333;\"><a class=\"\" style=\"color: #333333;\" href=\"https:\/\/www.d-tek.com.tr\/en\/moodle\/course\/view.php\/?id=9\">Course 7. Using patient outcomes in various decision-making processes.<\/a><\/span><\/li>\n<li class=\"coursename\"><span style=\"color: #333333;\"><a class=\"\" style=\"color: #333333;\" href=\"https:\/\/www.d-tek.com.tr\/en\/moodle\/course\/view.php\/?id=10\">Course 8. Monitoring pre-analytical quality.<\/a><\/span><\/li>\n<li class=\"coursename\"><span style=\"color: #333333;\"><a class=\"\" style=\"color: #333333;\" href=\"https:\/\/www.d-tek.com.tr\/en\/moodle\/course\/view.php\/?id=11\">Course 9. Laboratory information management system and extracting meaningful information from big data.<\/a><\/span><\/li>\n<\/ul>\n<\/div>\n<\/div>\n<\/div>\n<\/div>\n<\/div>\n<div id=\"yui_3_17_2_1_1493587574959_109\" class=\"category with_children loaded\" data-categoryid=\"2\" data-depth=\"1\" data-showcourses=\"15\" data-type=\"0\">\n<div class=\"info\">\n<h2 id=\"yui_3_17_2_1_1493587574959_112\" class=\"categoryname\"><span style=\"color: #333333;\"><a style=\"color: #333333;\" href=\"https:\/\/www.d-tek.com.tr\/moodle\/course\/index.php?categoryid=2\">Evidence-Based Laboratory Medicine Course<\/a><\/span><\/h2>\n<\/div>\n<div class=\"content\">\n<div class=\"courses\">\n<div class=\"coursebox clearfix odd first last collapsed\" data-courseid=\"12\" data-type=\"1\">\n<div class=\"info\">\n<ul>\n<li class=\"coursename\"><span style=\"color: #333333;\"><a class=\"\" style=\"color: #333333;\" href=\"https:\/\/www.d-tek.com.tr\/en\/moodle\/course\/view.php\/?id=12\">Evidence-based laboratory medicine<\/a><\/span><\/li>\n<\/ul>\n<\/div>\n<\/div>\n<\/div>\n<\/div>\n<\/div>\n<div class=\"category notloaded\" data-categoryid=\"3\" data-depth=\"1\" data-showcourses=\"15\" data-type=\"0\">\n<div class=\"info\">\n<h2 class=\"categoryname\"><span style=\"color: #333333;\"><a style=\"color: #333333;\" href=\"https:\/\/www.d-tek.com.tr\/moodle\/course\/index.php?categoryid=3\">Risk Management<\/a><\/span><\/h2>\n<\/div>\n<\/div>\n<div class=\"category notloaded\" data-categoryid=\"4\" data-depth=\"1\" data-showcourses=\"15\" data-type=\"0\">\n<div class=\"info\">\n<h2 class=\"categoryname\"><span style=\"color: #333333;\"><a style=\"color: #333333;\" href=\"https:\/\/www.d-tek.com.tr\/moodle\/course\/index.php?categoryid=4\">Innovation Management<\/a><\/span><\/h2>\n<\/div>\n<\/div>\n<div class=\"category notloaded\" data-categoryid=\"5\" data-depth=\"1\" data-showcourses=\"15\" data-type=\"0\">\n<div class=\"info\">\n<h2 class=\"categoryname\"><span style=\"color: #333333;\"><a style=\"color: #333333;\" href=\"https:\/\/www.d-tek.com.tr\/moodle\/course\/index.php?categoryid=5\">ISO 15189 Standard Training<\/a><\/span><\/h2>\n<\/div>\n<\/div>","protected":false},"excerpt":{"rendered":"<p>Uygulamal\u0131 T\u0131bbi Laboratuvar Matemati\u011fi ve \u0130statisti\u011fi Kurslar\u0131 (Bu kategorideki kurslar ve kay\u0131tla ilgili bilgiler i\u00e7in t\u0131klay\u0131n\u0131z.) Kurs 1. Analiz prosed\u00fcrlerinin performans \u00f6zellikleri; temel tan\u0131mlar, kavramlar ve laboratuvar istatisti\u011fi Kurs 2. Analiz\/\u00d6l\u00e7\u00fcm prosed\u00fcrlerinin validasyonu ve verifikasyonu Kurs 3. Referans aral\u0131k hesaplanmas\u0131 Kurs 4. \u0130\u00e7 kalite kontrol program\u0131n\u0131n olu\u015fturulmas\u0131 ve izlenmesi Kurs 5. \u00d6l\u00e7\u00fcm b\u00fcy\u00fckl\u00fc\u011f\u00fcn\u00fcn belirsizli\u011finin hesaplanmas\u0131&hellip;<\/p>","protected":false},"author":1,"featured_media":0,"parent":16277,"menu_order":0,"comment_status":"closed","ping_status":"closed","template":"","meta":{"footnotes":""},"class_list":["post-16307","page","type-page","status-publish","hentry","entry","no-media"],"_links":{"self":[{"href":"https:\/\/www.d-tek.com.tr\/en\/wp-json\/wp\/v2\/pages\/16307","targetHints":{"allow":["GET"]}}],"collection":[{"href":"https:\/\/www.d-tek.com.tr\/en\/wp-json\/wp\/v2\/pages"}],"about":[{"href":"https:\/\/www.d-tek.com.tr\/en\/wp-json\/wp\/v2\/types\/page"}],"author":[{"embeddable":true,"href":"https:\/\/www.d-tek.com.tr\/en\/wp-json\/wp\/v2\/users\/1"}],"replies":[{"embeddable":true,"href":"https:\/\/www.d-tek.com.tr\/en\/wp-json\/wp\/v2\/comments?post=16307"}],"version-history":[{"count":3,"href":"https:\/\/www.d-tek.com.tr\/en\/wp-json\/wp\/v2\/pages\/16307\/revisions"}],"predecessor-version":[{"id":16672,"href":"https:\/\/www.d-tek.com.tr\/en\/wp-json\/wp\/v2\/pages\/16307\/revisions\/16672"}],"up":[{"embeddable":true,"href":"https:\/\/www.d-tek.com.tr\/en\/wp-json\/wp\/v2\/pages\/16277"}],"wp:attachment":[{"href":"https:\/\/www.d-tek.com.tr\/en\/wp-json\/wp\/v2\/media?parent=16307"}],"curies":[{"name":"wp","href":"https:\/\/api.w.org\/{rel}","templated":true}]}}