{"id":16298,"date":"2020-01-31T14:48:33","date_gmt":"2020-01-31T11:48:33","guid":{"rendered":"https:\/\/www.d-tek.com.tr\/?page_id=16298"},"modified":"2020-02-01T10:36:06","modified_gmt":"2020-02-01T07:36:06","slug":"saglik-hizmetlerinde-kalite","status":"publish","type":"page","link":"https:\/\/www.d-tek.com.tr\/en\/hizmetlerimiz\/egitimlerimiz\/sinif-egitimlerimiz\/saglik-hizmetlerinde-kalite\/","title":{"rendered":"Quality in Healthcare Services"},"content":{"rendered":"<ul>\n<li><span style=\"font-family: 'Open Sans';\"><a href=\"https:\/\/www.d-tek.com.tr\/en\/hizmetlerimiz\/egitimlerimiz\/sinif-egitimlerimiz\/saglik-hizmetlerinde-kalite\/tibbi-laboratuvar-yonetimi\/\">Medical laboratory management<\/a><\/span><\/li>\n<li><span style=\"font-family: 'Open Sans';\"><a href=\"https:\/\/www.d-tek.com.tr\/en\/hizmetlerimiz\/egitimlerimiz\/sinif-egitimlerimiz\/saglik-hizmetlerinde-kalite\/tibbi-laboratuvarlarda-kalite-yonetimi\/\">Quality management in medical laboratories<\/a><\/span><\/li>\n<li><span style=\"font-family: 'Open Sans';\"><a href=\"https:\/\/www.d-tek.com.tr\/en\/hizmetlerimiz\/egitimlerimiz\/sinif-egitimlerimiz\/saglik-hizmetlerinde-kalite\/laboratuvar-matematigi-ve-istatistigi\/\">Laboratory Mathematics and Statistics<\/a><\/span><\/li>\n<li><span style=\"font-family: 'Open Sans';\"><a href=\"https:\/\/www.d-tek.com.tr\/en\/hizmetlerimiz\/egitimlerimiz\/sinif-egitimlerimiz\/saglik-hizmetlerinde-kalite\/kanita-dayali-tip-ve-kanita-dayali-laboratuvar-tibbi\/\">Evidence-based medicine and evidence-based laboratory medicine.<\/a><\/span><\/li>\n<\/ul>","protected":false},"excerpt":{"rendered":"<p>T\u0131bbi laboratuvar y\u00f6netimi T\u0131bbi laboratuvarlarda kalite y\u00f6netimi Laboratuvar Matemati\u011fi ve \u0130statisti\u011fi Kan\u0131ta Dayal\u0131 T\u0131p ve Kan\u0131ta Dayal\u0131 Laboratuvar T\u0131bb\u0131<\/p>","protected":false},"author":1,"featured_media":0,"parent":16283,"menu_order":0,"comment_status":"closed","ping_status":"closed","template":"","meta":{"footnotes":""},"class_list":["post-16298","page","type-page","status-publish","hentry","entry","no-media"],"_links":{"self":[{"href":"https:\/\/www.d-tek.com.tr\/en\/wp-json\/wp\/v2\/pages\/16298","targetHints":{"allow":["GET"]}}],"collection":[{"href":"https:\/\/www.d-tek.com.tr\/en\/wp-json\/wp\/v2\/pages"}],"about":[{"href":"https:\/\/www.d-tek.com.tr\/en\/wp-json\/wp\/v2\/types\/page"}],"author":[{"embeddable":true,"href":"https:\/\/www.d-tek.com.tr\/en\/wp-json\/wp\/v2\/users\/1"}],"replies":[{"embeddable":true,"href":"https:\/\/www.d-tek.com.tr\/en\/wp-json\/wp\/v2\/comments?post=16298"}],"version-history":[{"count":5,"href":"https:\/\/www.d-tek.com.tr\/en\/wp-json\/wp\/v2\/pages\/16298\/revisions"}],"predecessor-version":[{"id":16467,"href":"https:\/\/www.d-tek.com.tr\/en\/wp-json\/wp\/v2\/pages\/16298\/revisions\/16467"}],"up":[{"embeddable":true,"href":"https:\/\/www.d-tek.com.tr\/en\/wp-json\/wp\/v2\/pages\/16283"}],"wp:attachment":[{"href":"https:\/\/www.d-tek.com.tr\/en\/wp-json\/wp\/v2\/media?parent=16298"}],"curies":[{"name":"wp","href":"https:\/\/api.w.org\/{rel}","templated":true}]}}