{"id":16296,"date":"2020-01-31T14:48:09","date_gmt":"2020-01-31T11:48:09","guid":{"rendered":"https:\/\/www.d-tek.com.tr\/?page_id=16296"},"modified":"2024-11-07T21:42:30","modified_gmt":"2024-11-07T18:42:30","slug":"risk-yonetimi","status":"publish","type":"page","link":"https:\/\/www.d-tek.com.tr\/en\/hizmetlerimiz\/egitimlerimiz\/sinif-egitimlerimiz\/risk-yonetimi\/","title":{"rendered":"Risk Management"},"content":{"rendered":"<p><span style=\"font-family: 'Open Sans'; font-size: 16px;\"><b>Risk Management Fundamentals Training (1 Day), Application Training (2 Days)<\/b><\/span><\/p>\n<p><span style=\"font-family: 'Open Sans'; font-size: 16px;\"><b>Benefits of Education<\/b><\/span><\/p>\n<p><span style=\"font-family: 'Open Sans'; font-size: 16px;\"><b>Participant;<\/b><\/span><\/p>\n<ul>\n<li><span style=\"font-family: 'Open Sans'; font-size: 16px;\">ISO 31000:2018 Risk Management \u2013 Guidelines describe the principles, framework, and process\/procedure outlined.<\/span><\/li>\n<li><span style=\"font-family: 'Open Sans'; font-size: 16px;\">They will learn the basic requirements of corporate risk management systems.<\/span><\/li>\n<li><span style=\"font-family: 'Open Sans'; font-size: 16px;\">It describes the tools that will create value in organizations through decision-making by managing target-based risks.<\/span><\/li>\n<li><span style=\"font-family: 'Open Sans'; font-size: 16px;\">It identifies the most effective ways for its organization to achieve its strategic goals and learns methods for ensuring the sustainability of these most effective ways.<\/span><\/li>\n<li><span style=\"font-family: 'Open Sans'; font-size: 16px;\">It outlines the role of management and leadership for risk management at all levels.<\/span><\/li>\n<\/ul>\n<p><span style=\"font-family: 'Open Sans'; font-size: 16px;\"><b>Risk Management Basic Requirements Training Content<\/b><\/span><\/p>\n<ul>\n<li><span style=\"font-family: 'Open Sans'; font-size: 16px;\">Risk Definition and Basic Concepts<\/span><\/li>\n<li><span style=\"font-family: 'Open Sans'; font-size: 16px;\">Classification of Risks (operational, financial, compliance, reputational, strategic risks, etc.)<\/span><\/li>\n<li><span style=\"font-family: 'Open Sans'; font-size: 16px;\">Definition of Corporate Risk Management<\/span>\n<ul>\n<li><span style=\"font-family: 'Open Sans'; font-size: 16px;\">Corporate Risk Management<span class=\"Apple-converted-space\">\u00a0<\/span><\/span><\/li>\n<li><span style=\"font-family: 'Open Sans'; font-size: 16px;\">The importance of Corporate Risk Management<\/span><\/li>\n<li><span style=\"font-family: 'Open Sans'; font-size: 16px;\">Good practices in risk management<\/span><\/li>\n<li><span style=\"font-family: 'Open Sans'; font-size: 16px;\">Critical factors for success in corporate risk management.<\/span><\/li>\n<li><span style=\"font-family: 'Open Sans'; font-size: 16px;\">An organization with risk intelligence.<\/span><\/li>\n<\/ul>\n<\/li>\n<li><span style=\"font-family: 'Open Sans'; font-size: 16px;\">Roles and Responsibilities in Corporate Risk Management<\/span>\n<ul>\n<li><span style=\"font-family: 'Open Sans'; font-size: 16px;\">Risk management, internal control, internal audit relationship and its role in other corporate areas.<\/span><\/li>\n<\/ul>\n<\/li>\n<li><span style=\"font-family: 'Open Sans'; font-size: 16px;\">Steps in Corporate Risk Management<\/span><\/li>\n<li><span style=\"font-family: 'Open Sans'; font-size: 16px;\">Phases of a corporate risk management project<\/span>\n<ul>\n<li><span style=\"font-family: 'Open Sans'; font-size: 16px;\">Setting Strategy and Objectives<\/span><\/li>\n<li><span style=\"font-family: 'Open Sans'; font-size: 16px;\">Identifying\/defining risks<\/span><\/li>\n<li><span style=\"font-family: 'Open Sans'; font-size: 16px;\">Risk assessment<\/span><\/li>\n<li><span style=\"font-family: 'Open Sans'; font-size: 16px;\">Gross and net risk assessment (taking into account current controls)<\/span><\/li>\n<li><span style=\"font-family: 'Open Sans'; font-size: 16px;\">Monitoring and improvement efforts<\/span><\/li>\n<\/ul>\n<\/li>\n<li><span style=\"font-family: 'Open Sans'; font-size: 16px;\">Creation of a risk action plan (deadline, cost, identification of the action party)<\/span><\/li>\n<li><span style=\"font-family: 'Open Sans'; font-size: 16px;\">The concepts of risk appetite and risk tolerance\/risk limits.<\/span><\/li>\n<li><span style=\"font-family: 'Open Sans'; font-size: 16px;\">Identifying risk indicators and establishing communication mechanisms.<\/span><\/li>\n<\/ul>\n<p><span style=\"font-family: 'Open Sans'; font-size: 16px;\"><b>Risk Management Application Training Content<\/b><\/span><\/p>\n<ul>\n<li><span style=\"font-family: 'Open Sans'; font-size: 16px;\">Basic practices and case studies to establish risk management principles, infrastructure, and processes for implementing the ISO31000:2018 standard and guidelines.<\/span><\/li>\n<li><span style=\"font-family: 'Open Sans'; font-size: 16px;\">To enable an organization to measure its position in risk management practices within the scope of the ISO31000:2018 standard and requirements.<\/span><\/li>\n<\/ul>\n<p><span style=\"font-family: 'Open Sans'; font-size: 16px;\"><b>Instructor<\/b><\/span><\/p>\n<p><span style=\"font-family: 'Open Sans'; font-size: 16px;\">G\u00fcl Aslan Damc\u0131<\/span><\/p>\n<p><span style=\"font-family: 'Open Sans'; font-size: 16px;\">IRCA Approved Certified Instructor<\/span><\/p>\n<p><span style=\"font-family: 'Open Sans';\">Risk Management, Business Continuity Management Consultant, Trainer<\/span><\/p>\n<p>&nbsp;<\/p>\n<p>&nbsp;<\/p>","protected":false},"excerpt":{"rendered":"<p>Risk Y\u00f6netimi Temel Gereklilikler E\u011fitimi (1 G\u00fcn), Uygulama E\u011fitimi (2 G\u00fcn) E\u011fitimin Faydalar\u0131 Kat\u0131l\u0131mc\u0131; ISO 31000:2018 Risk Y\u00f6netimi \u2013 K\u0131lavuzu\u2019nda a\u00e7\u0131klanan ilkeler, \u00e7er\u00e7eve ve s\u00fcreci\/prosesi a\u00e7\u0131klar Kurumsal risk y\u00f6netimi sistemlerinin temel gerekliliklerini \u00f6\u011frenir Hedef bazl\u0131 riskleri y\u00f6neterek al\u0131nacak kararlarla kurulu\u015flarda de\u011fer yaratacak ara\u00e7lar\u0131 a\u00e7\u0131klar Kurulu\u015funun stratejik hedeflerine ula\u015fmas\u0131 i\u00e7in en etkin yollar\u0131 tan\u0131mlar ve en&hellip;<\/p>","protected":false},"author":1,"featured_media":0,"parent":16283,"menu_order":0,"comment_status":"closed","ping_status":"closed","template":"","meta":{"footnotes":""},"class_list":["post-16296","page","type-page","status-publish","hentry","entry","no-media"],"_links":{"self":[{"href":"https:\/\/www.d-tek.com.tr\/en\/wp-json\/wp\/v2\/pages\/16296","targetHints":{"allow":["GET"]}}],"collection":[{"href":"https:\/\/www.d-tek.com.tr\/en\/wp-json\/wp\/v2\/pages"}],"about":[{"href":"https:\/\/www.d-tek.com.tr\/en\/wp-json\/wp\/v2\/types\/page"}],"author":[{"embeddable":true,"href":"https:\/\/www.d-tek.com.tr\/en\/wp-json\/wp\/v2\/users\/1"}],"replies":[{"embeddable":true,"href":"https:\/\/www.d-tek.com.tr\/en\/wp-json\/wp\/v2\/comments?post=16296"}],"version-history":[{"count":4,"href":"https:\/\/www.d-tek.com.tr\/en\/wp-json\/wp\/v2\/pages\/16296\/revisions"}],"predecessor-version":[{"id":17441,"href":"https:\/\/www.d-tek.com.tr\/en\/wp-json\/wp\/v2\/pages\/16296\/revisions\/17441"}],"up":[{"embeddable":true,"href":"https:\/\/www.d-tek.com.tr\/en\/wp-json\/wp\/v2\/pages\/16283"}],"wp:attachment":[{"href":"https:\/\/www.d-tek.com.tr\/en\/wp-json\/wp\/v2\/media?parent=16296"}],"curies":[{"name":"wp","href":"https:\/\/api.w.org\/{rel}","templated":true}]}}