{"id":16288,"date":"2020-01-31T14:46:51","date_gmt":"2020-01-31T11:46:51","guid":{"rendered":"https:\/\/www.d-tek.com.tr\/?page_id=16288"},"modified":"2022-08-01T00:28:47","modified_gmt":"2022-07-31T21:28:47","slug":"degerlendirme-denetim-ve-dis-tetkikler-iso-22-301-iso-31-000-iso-15189","status":"publish","type":"page","link":"https:\/\/www.d-tek.com.tr\/en\/hizmetlerimiz\/egitimlerimiz\/sinif-egitimlerimiz\/degerlendirme-denetim-ve-dis-tetkikler-iso-22-301-iso-31-000-iso-15189\/","title":{"rendered":"Our Trainings: Standards and Guidelines (ISO 22 301, ISO 31 000, ISO 15189)"},"content":{"rendered":"<ul>\n<li><a href=\"https:\/\/www.d-tek.com.tr\/en\/hizmetlerimiz\/egitimlerimiz\/sinif-egitimlerimiz\/degerlendirme-denetim-ve-dis-tetkikler-iso-22-301-iso-31-000-iso-15189\/iso-15189-tibbi-laboratuvarlar-kalite-ve-yetkinlikler-icin-sartlar-akreditasyonu\/\">ISO 15189 Medical Laboratories - Requirements for Quality and Competence Accreditation<\/a><\/li>\n<li><a href=\"https:\/\/www.d-tek.com.tr\/en\/hizmetlerimiz\/egitimlerimiz\/sinif-egitimlerimiz\/degerlendirme-denetim-ve-dis-tetkikler-iso-22-301-iso-31-000-iso-15189\/iso-90012015-kalite-yonetim-sistemi\/\">ISO 9001:2015 Quality Management System\u00a0<\/a><\/li>\n<li><a href=\"https:\/\/www.d-tek.com.tr\/en\/hizmetlerimiz\/egitimlerimiz\/sinif-egitimlerimiz\/degerlendirme-denetim-ve-dis-tetkikler-iso-22-301-iso-31-000-iso-15189\/iso-27001-bilgi-guvenligi-yonetim-sistemi\/\">ISO 27001 Information Security Management System<\/a><\/li>\n<li><a href=\"https:\/\/www.d-tek.com.tr\/en\/hizmetlerimiz\/egitimlerimiz\/sinif-egitimlerimiz\/degerlendirme-denetim-ve-dis-tetkikler-iso-22-301-iso-31-000-iso-15189\/iso-20000-1-bilgi-teknolojileri-hizmet-yonetim-sistemi\/\">ISO 20000-1 Information Technology Service Management System<\/a><\/li>\n<li><a href=\"https:\/\/www.d-tek.com.tr\/en\/hizmetlerimiz\/egitimlerimiz\/sinif-egitimlerimiz\/degerlendirme-denetim-ve-dis-tetkikler-iso-22-301-iso-31-000-iso-15189\/iso-22301-is-surekliligi-yonetim-sistemi\/\">ISO 22301 Business Continuity Management System<\/a><\/li>\n<li><a href=\"https:\/\/www.d-tek.com.tr\/en\/hizmetlerimiz\/egitimlerimiz\/sinif-egitimlerimiz\/degerlendirme-denetim-ve-dis-tetkikler-iso-22-301-iso-31-000-iso-15189\/iso-31000-risk-yonetimi\/\">ISO 31000 Risk Management<\/a><\/li>\n<li><a href=\"https:\/\/www.d-tek.com.tr\/en\/hizmetlerimiz\/egitimlerimiz\/sinif-egitimlerimiz\/degerlendirme-denetim-ve-dis-tetkikler-iso-22-301-iso-31-000-iso-15189\/yuksekogretim-kurumlarinda-kalite-yonetimi\/\">Quality management in higher education institutions<\/a><\/li>\n<\/ul>","protected":false},"excerpt":{"rendered":"<p>ISO 15189 T\u0131bbi Laboratuvarlar-Kalite ve Yetkinlikler i\u00e7in \u015eartlar Akreditasyonu ISO 9001:2015 Kalite Y\u00f6netim Sistemi\u00a0 ISO 27001 Bilgi G\u00fcvenli\u011fi Y\u00f6netim Sistemi ISO 20000-1 Bilgi Teknolojileri Hizmet Y\u00f6netim Sistemi ISO 22301 \u0130\u015f S\u00fcreklili\u011fi Y\u00f6netim Sistemi ISO 31000 Risk Y\u00f6netimi Y\u00fcksek\u00f6\u011fretim kurumlar\u0131nda kalite y\u00f6netimi<\/p>","protected":false},"author":1,"featured_media":0,"parent":16283,"menu_order":0,"comment_status":"closed","ping_status":"closed","template":"","meta":{"footnotes":""},"class_list":["post-16288","page","type-page","status-publish","hentry","entry","no-media"],"_links":{"self":[{"href":"https:\/\/www.d-tek.com.tr\/en\/wp-json\/wp\/v2\/pages\/16288","targetHints":{"allow":["GET"]}}],"collection":[{"href":"https:\/\/www.d-tek.com.tr\/en\/wp-json\/wp\/v2\/pages"}],"about":[{"href":"https:\/\/www.d-tek.com.tr\/en\/wp-json\/wp\/v2\/types\/page"}],"author":[{"embeddable":true,"href":"https:\/\/www.d-tek.com.tr\/en\/wp-json\/wp\/v2\/users\/1"}],"replies":[{"embeddable":true,"href":"https:\/\/www.d-tek.com.tr\/en\/wp-json\/wp\/v2\/comments?post=16288"}],"version-history":[{"count":10,"href":"https:\/\/www.d-tek.com.tr\/en\/wp-json\/wp\/v2\/pages\/16288\/revisions"}],"predecessor-version":[{"id":16807,"href":"https:\/\/www.d-tek.com.tr\/en\/wp-json\/wp\/v2\/pages\/16288\/revisions\/16807"}],"up":[{"embeddable":true,"href":"https:\/\/www.d-tek.com.tr\/en\/wp-json\/wp\/v2\/pages\/16283"}],"wp:attachment":[{"href":"https:\/\/www.d-tek.com.tr\/en\/wp-json\/wp\/v2\/media?parent=16288"}],"curies":[{"name":"wp","href":"https:\/\/api.w.org\/{rel}","templated":true}]}}