{"id":16262,"date":"2020-01-31T14:26:22","date_gmt":"2020-01-31T11:26:22","guid":{"rendered":"https:\/\/www.d-tek.com.tr\/?page_id=16262"},"modified":"2022-08-01T19:47:07","modified_gmt":"2022-08-01T16:47:07","slug":"is-surekliligi-yonetimi","status":"publish","type":"page","link":"https:\/\/www.d-tek.com.tr\/en\/hizmetlerimiz\/danismanliklarimiz\/is-surekliligi-yonetimi\/","title":{"rendered":"Business Continuity Management"},"content":{"rendered":"<p>Identify current and future threats to your company, minimize the impact of accidents, and manage business disruptions caused by crises and accidents with the most effective approaches. Implement best practices in your organization with the internationally recognized ISO22301 Business Continuity Management system.<\/p>\n<p>&nbsp;<\/p>\n<p>ISO 22301 Business Continuity Management System Consulting and Training<\/p>\n<ul>\n<li>Developing a Business Continuity Management System Strategy<\/li>\n<li>Establishing the Structure and Processes of the ISO22301 Management System<\/li>\n<li>Monitoring, Evaluation and Continuous Improvement<\/li>\n<\/ul>\n<p>Our services:<\/p>\n<ul>\n<li>Business Continuity System Setup<\/li>\n<li>Implementing Sectoral and Global Best Practices<\/li>\n<li>Establishing a Risk Management Structure<\/li>\n<li>Awareness and Internal Auditor Training<\/li>\n<li>Management System Audits<\/li>\n<\/ul>\n<p>For the explanatory presentation <a href=\"https:\/\/www.d-tek.com.tr\/wp-content\/uploads\/2022\/08\/DTEK-ISO-Yonetim-Sistemleri-Danismanlik-Hizmetleri.pdf\" target=\"_blank\" rel=\"noopener\"><span style=\"color: #3366ff;\">Click here<\/span><\/a>.<\/p>","protected":false},"excerpt":{"rendered":"<p>\u015eirketiniz i\u00e7in mevcut ve gelecek tehditleri belirleyin, kazalar\u0131n etkisini en aza indirin ve kriz ve kaza sonucu meydana gelebilecek i\u015f kesintilerini en etkin yakla\u015f\u0131mlarla y\u00f6netin.\u00a0 Uluslaras\u0131 standartlarda ISO22301 \u0130\u015f S\u00fcreklili\u011fi Y\u00f6netim sistemiyle en iyi uygulamalar\u0131 kurumunuzda yerle\u015ftirin. &nbsp; ISO 22301 \u0130\u015f S\u00fcreklili\u011fi Y\u00f6netim Sistemi Dan\u0131\u015fmanl\u0131k ve E\u011fitim \u0130\u015f S\u00fcreklili\u011fi Y\u00f6netim Sistemi Stratejisi Geli\u015ftirme ISO22301 Y\u00f6netim&hellip;<\/p>","protected":false},"author":1,"featured_media":0,"parent":16250,"menu_order":0,"comment_status":"closed","ping_status":"closed","template":"","meta":{"footnotes":""},"class_list":["post-16262","page","type-page","status-publish","hentry","entry","no-media"],"_links":{"self":[{"href":"https:\/\/www.d-tek.com.tr\/en\/wp-json\/wp\/v2\/pages\/16262","targetHints":{"allow":["GET"]}}],"collection":[{"href":"https:\/\/www.d-tek.com.tr\/en\/wp-json\/wp\/v2\/pages"}],"about":[{"href":"https:\/\/www.d-tek.com.tr\/en\/wp-json\/wp\/v2\/types\/page"}],"author":[{"embeddable":true,"href":"https:\/\/www.d-tek.com.tr\/en\/wp-json\/wp\/v2\/users\/1"}],"replies":[{"embeddable":true,"href":"https:\/\/www.d-tek.com.tr\/en\/wp-json\/wp\/v2\/comments?post=16262"}],"version-history":[{"count":7,"href":"https:\/\/www.d-tek.com.tr\/en\/wp-json\/wp\/v2\/pages\/16262\/revisions"}],"predecessor-version":[{"id":16868,"href":"https:\/\/www.d-tek.com.tr\/en\/wp-json\/wp\/v2\/pages\/16262\/revisions\/16868"}],"up":[{"embeddable":true,"href":"https:\/\/www.d-tek.com.tr\/en\/wp-json\/wp\/v2\/pages\/16250"}],"wp:attachment":[{"href":"https:\/\/www.d-tek.com.tr\/en\/wp-json\/wp\/v2\/media?parent=16262"}],"curies":[{"name":"wp","href":"https:\/\/api.w.org\/{rel}","templated":true}]}}