{"id":16259,"date":"2020-01-31T14:25:39","date_gmt":"2020-01-31T11:25:39","guid":{"rendered":"https:\/\/www.d-tek.com.tr\/?page_id=16259"},"modified":"2022-08-01T20:08:33","modified_gmt":"2022-08-01T17:08:33","slug":"inovasyon-yonetimi","status":"publish","type":"page","link":"https:\/\/www.d-tek.com.tr\/en\/hizmetlerimiz\/danismanliklarimiz\/inovasyon-yonetimi\/","title":{"rendered":"Innovation Management"},"content":{"rendered":"<p>Our expert consulting team, members of the International Association of Innovation Professionals (IAOIP) and holders of internationally recognized Certified Innovation Manager certifications, identifies and provides the most suitable innovation consulting services for your sector and organization. These services also include developing the competencies of your organization and its employees. Our expert team, actively involved in the International Association and among the founders of the Association&#039;s Turkey Representation, will facilitate your organization&#039;s access to international platforms, sustainably develop your innovation capacity, and support you with international expertise.<\/p>\n<ul>\n<li>Innovation Management and Innovation Methods\n<ul>\n<li>Corporate innovation competency and capability analysis<\/li>\n<li>Creating an innovation map.<\/li>\n<li>Developing an organizational innovation strategy.<\/li>\n<li>Promoting a culture of innovation.<\/li>\n<li>Creating innovative idea development and implementation processes.<\/li>\n<li>Implementing innovation (a customized implementation method for each institution)<\/li>\n<li>Corporate innovation communication<\/li>\n<li>Performance evaluation, measurement and monitoring processes<\/li>\n<li>Monitoring and evaluation of the innovation management structure (Free for 6 months after the project ends)<\/li>\n<li>Innovation and risk management trainings<\/li>\n<li>Corporate innovation communication<\/li>\n<li>Application for research and development projects and funding, and project management.<\/li>\n<\/ul>\n<\/li>\n<li>Idea Development and Implementation<\/li>\n<li>Open Innovation Infrastructure Development and Management<\/li>\n<li><span style=\"font-family: 'Open Sans';\">Innovation Strategy Development and Implementation<\/span><\/li>\n<\/ul>\n<p>For the explanatory presentation <a href=\"https:\/\/www.d-tek.com.tr\/wp-content\/uploads\/2022\/08\/DTEK-Inovasyon-Yonetimi-Hizmetleri.pdf\" target=\"_blank\" rel=\"noopener\"><span style=\"color: #3366ff;\">Click here<\/span><\/a>.<\/p>\n<p>&nbsp;<\/p>","protected":false},"excerpt":{"rendered":"<p>Uluslararas\u0131 \u0130novasyon Profesyonelleri Derne\u011fi (IAOIP) \u00fcyesi ve Uluslararas\u0131 Standartlarda kabul g\u00f6ren \u0130novasyon Y\u00f6neticisi Sertifikas\u0131 (Certified Innovation Manager) sahibi uzman dan\u0131\u015fman kadromuz taraf\u0131ndan sekt\u00f6r ve kurulu\u015fa en uygun inovasyon dan\u0131\u015fmanl\u0131k hizmeti tespit edilerek dan\u0131\u015fmanl\u0131k hizmetleri verilir. Dan\u0131\u015fmanl\u0131k hizmeti verilirken kurulu\u015fun ve \u00e7al\u0131\u015fanlar\u0131n\u0131n yetkinliklerinin geli\u015ftirilmesi i\u00e7in de hizmet verilir. Uluslararas\u0131 Dernek\u2019te aktif rol alan ve Dernek T\u00fcrkiye&hellip;<\/p>","protected":false},"author":1,"featured_media":0,"parent":16250,"menu_order":0,"comment_status":"closed","ping_status":"closed","template":"","meta":{"footnotes":""},"class_list":["post-16259","page","type-page","status-publish","hentry","entry","no-media"],"_links":{"self":[{"href":"https:\/\/www.d-tek.com.tr\/en\/wp-json\/wp\/v2\/pages\/16259","targetHints":{"allow":["GET"]}}],"collection":[{"href":"https:\/\/www.d-tek.com.tr\/en\/wp-json\/wp\/v2\/pages"}],"about":[{"href":"https:\/\/www.d-tek.com.tr\/en\/wp-json\/wp\/v2\/types\/page"}],"author":[{"embeddable":true,"href":"https:\/\/www.d-tek.com.tr\/en\/wp-json\/wp\/v2\/users\/1"}],"replies":[{"embeddable":true,"href":"https:\/\/www.d-tek.com.tr\/en\/wp-json\/wp\/v2\/comments?post=16259"}],"version-history":[{"count":15,"href":"https:\/\/www.d-tek.com.tr\/en\/wp-json\/wp\/v2\/pages\/16259\/revisions"}],"predecessor-version":[{"id":16873,"href":"https:\/\/www.d-tek.com.tr\/en\/wp-json\/wp\/v2\/pages\/16259\/revisions\/16873"}],"up":[{"embeddable":true,"href":"https:\/\/www.d-tek.com.tr\/en\/wp-json\/wp\/v2\/pages\/16250"}],"wp:attachment":[{"href":"https:\/\/www.d-tek.com.tr\/en\/wp-json\/wp\/v2\/media?parent=16259"}],"curies":[{"name":"wp","href":"https:\/\/api.w.org\/{rel}","templated":true}]}}