{"id":16256,"date":"2020-01-31T14:24:45","date_gmt":"2020-01-31T11:24:45","guid":{"rendered":"https:\/\/www.d-tek.com.tr\/?page_id=16256"},"modified":"2022-08-01T21:56:30","modified_gmt":"2022-08-01T18:56:30","slug":"danisman-iso-22-301-iso-31-000-iso-15189","status":"publish","type":"page","link":"https:\/\/www.d-tek.com.tr\/en\/hizmetlerimiz\/danismanliklarimiz\/danisman-iso-22-301-iso-31-000-iso-15189\/","title":{"rendered":"Standards and Guidelines (ISO 22 301, ISO 31 000, ISO 15189)"},"content":{"rendered":"<p>Our services are designed to ensure the effective implementation and deployment of Quality Management Systems within your organization. We provide training and consulting services related to ISO standards, as well as services to ensure compliance with all internal audit\/inspection requirements stipulated by the standards.<\/p>\n<p>&nbsp;<\/p>\n<p>Management system standards for which our expert team provides consulting, training, and internal audit services:<\/p>\n<p>&nbsp;<\/p>\n<ul>\n<li><a href=\"https:\/\/www.d-tek.com.tr\/en\/hizmetlerimiz\/danismanliklarimiz\/degerlendirme-denetim-ve-dis-tetkikler-iso-22-301-iso-31-000-iso-15189\/iso-15189-tibbi-laboratuvarlar-kalite-ve-yetkinlikler-icin-sartlar-akreditasyonu\/\">ISO 15189 Medical Laboratories - Requirements for Quality and Competence Accreditation<\/a><\/li>\n<li><a href=\"https:\/\/www.d-tek.com.tr\/en\/hizmetlerimiz\/danismanliklarimiz\/degerlendirme-denetim-ve-dis-tetkikler-iso-22-301-iso-31-000-iso-15189\/iso-90012015-kalite-yonetim-sistemi\/\">ISO 9001:2015 Quality Management System<\/a><\/li>\n<li><a href=\"https:\/\/www.d-tek.com.tr\/en\/hizmetlerimiz\/danismanliklarimiz\/degerlendirme-denetim-ve-dis-tetkikler-iso-22-301-iso-31-000-iso-15189\/iso-27001-bilgi-guvenligi-yonetim-sistemi\/\">ISO 27001 Information Security Management System<\/a><\/li>\n<li><a href=\"https:\/\/www.d-tek.com.tr\/en\/hizmetlerimiz\/danismanliklarimiz\/degerlendirme-denetim-ve-dis-tetkikler-iso-22-301-iso-31-000-iso-15189\/iso-20000-1-bilgi-teknolojileri-hizmet-yonetim-sistemi\/\">ISO 20000-1 Information Technology Service Management System<\/a><\/li>\n<li><a href=\"https:\/\/www.d-tek.com.tr\/en\/hizmetlerimiz\/danismanliklarimiz\/degerlendirme-denetim-ve-dis-tetkikler-iso-22-301-iso-31-000-iso-15189\/iso-22301-is-surekliligi-yonetim-sistemi\/\">ISO 22301 Business Continuity Management System<\/a><\/li>\n<li><a href=\"https:\/\/www.d-tek.com.tr\/en\/hizmetlerimiz\/danismanliklarimiz\/degerlendirme-denetim-ve-dis-tetkikler-iso-22-301-iso-31-000-iso-15189\/iso-31000-risk-yonetimi\/\">ISO 31000 Risk Management<\/a><\/li>\n<li><a href=\"https:\/\/www.d-tek.com.tr\/en\/hizmetlerimiz\/danismanliklarimiz\/degerlendirme-denetim-ve-dis-tetkikler-iso-22-301-iso-31-000-iso-15189\/yuksekogretim-kurumlarinda-kalite-yonetimi\/\">Quality management in higher education institutions<\/a><\/li>\n<\/ul>","protected":false},"excerpt":{"rendered":"<p>Hizmetlerimiz Y\u00f6netim Kalite Sistemleri\u2019nin kurumunuz etkin bir \u015fekilde uygulanmas\u0131n\u0131 ve yerle\u015ftirilmesini sa\u011flamak \u00fczere geli\u015ftirilmi\u015ftir. ISO standartlar\u0131 ile ilgili e\u011fitimler, dan\u0131\u015fmanl\u0131klar ve t\u00fcm standartlar\u0131n \u015fart ko\u015ftu\u011fu i\u00e7 tetkik \/ denetim ko\u015fullar\u0131n\u0131n sa\u011flanmas\u0131 i\u00e7in hizmet vermekteyiz. &nbsp; Uzman kadromuz taraf\u0131ndan dan\u0131\u015fmanl\u0131k, e\u011fitim ve i\u00e7 tetkik hizmeti sunulan y\u00f6netim sistemi standartlar\u0131: &nbsp; ISO 15189 T\u0131bbi Laboratuvarlar-Kalite ve Yetkinlikler&hellip;<\/p>","protected":false},"author":1,"featured_media":0,"parent":16250,"menu_order":0,"comment_status":"closed","ping_status":"closed","template":"templates\/right-sidebar.php","meta":{"footnotes":""},"class_list":["post-16256","page","type-page","status-publish","hentry","entry","no-media"],"_links":{"self":[{"href":"https:\/\/www.d-tek.com.tr\/en\/wp-json\/wp\/v2\/pages\/16256","targetHints":{"allow":["GET"]}}],"collection":[{"href":"https:\/\/www.d-tek.com.tr\/en\/wp-json\/wp\/v2\/pages"}],"about":[{"href":"https:\/\/www.d-tek.com.tr\/en\/wp-json\/wp\/v2\/types\/page"}],"author":[{"embeddable":true,"href":"https:\/\/www.d-tek.com.tr\/en\/wp-json\/wp\/v2\/users\/1"}],"replies":[{"embeddable":true,"href":"https:\/\/www.d-tek.com.tr\/en\/wp-json\/wp\/v2\/comments?post=16256"}],"version-history":[{"count":10,"href":"https:\/\/www.d-tek.com.tr\/en\/wp-json\/wp\/v2\/pages\/16256\/revisions"}],"predecessor-version":[{"id":16876,"href":"https:\/\/www.d-tek.com.tr\/en\/wp-json\/wp\/v2\/pages\/16256\/revisions\/16876"}],"up":[{"embeddable":true,"href":"https:\/\/www.d-tek.com.tr\/en\/wp-json\/wp\/v2\/pages\/16250"}],"wp:attachment":[{"href":"https:\/\/www.d-tek.com.tr\/en\/wp-json\/wp\/v2\/media?parent=16256"}],"curies":[{"name":"wp","href":"https:\/\/api.w.org\/{rel}","templated":true}]}}