{"id":16250,"date":"2020-01-31T14:19:52","date_gmt":"2020-01-31T11:19:52","guid":{"rendered":"https:\/\/www.d-tek.com.tr\/?page_id=16250"},"modified":"2022-09-24T20:47:34","modified_gmt":"2022-09-24T17:47:34","slug":"danismanliklarimiz","status":"publish","type":"page","link":"https:\/\/www.d-tek.com.tr\/en\/hizmetlerimiz\/danismanliklarimiz\/","title":{"rendered":"Our Consulting Services"},"content":{"rendered":"<div class=\"wpb-content-wrapper\"><div class=\"vc_row wpb_row vc_row-fluid wpex-relative\"><div class=\"wpb_column vc_column_container vc_col-sm-3\"><div class=\"vc_column-inner\"><div class=\"wpb_wrapper\"><style>.vcex-image-banner.vcex_69f39c88da561 .vcex-ib-overlay-bg{background-color:rgba(10,10,10,0.42);opacity:0.9;}.vcex-image-banner.vcex_69f39c88da561 .vcex-ib-button-inner{font-size:18px;font-weight:700;background:rgba(165,165,165,0.01);}.vcex-image-banner.vcex_69f39c88da561 .vcex-ib-img{transition-duration:0.9s;}<\/style><a class=\"vcex-module vcex-image-banner vcex-image-banner-has-link wpex-no-underline wpex-flex wpex-flex-col wpex-w-100 wpex-justify-center wpex-relative wpex-overflow-hidden wpex-bg-gray-900 wpex-text-white wpex-hover-text-white wpex-text-center vcex-h-zoom wpex-isolate vcex-has-button equal-height-content vcex_69f39c88da561\" href=\"https:\/\/www.d-tek.com.tr\/en\/hizmetlerimiz\/danismanliklarimiz\/danisman-iso-22-301-iso-31-000-iso-15189\/\" title=\"Our Consulting Services: Standards and Guidelines (ISO 22 301, ISO 31 000, ISO 15189)\"><span class=\"vcex-ib-img wpex-block wpex-transition-all wpex-duration-500 wpex-bg-cover wpex-absolute wpex-inset-0\" style=\"background-image:url(https:\/\/www.d-tek.com.tr\/wp-content\/uploads\/2020\/02\/Artboard-3.png);\"><\/span><div class=\"vcex-ib-overlay wpex-absolute wpex-inset-0 wpex-transition-all wpex-duration-500\"><div class=\"vcex-ib-overlay-bg wpex-absolute wpex-inset-0 wpex-bg-black wpex-opacity-30\"><\/div><\/div><div class=\"vcex-ib-content-wrap wpex-w-100 wpex-transition-all wpex-duration-500 wpex-py-100 wpex-relative\"><div class=\"vcex-ib-content wpex-mx-auto\"><div class=\"vcex-ib-button\"><span class=\"vcex-ib-button-inner theme-button\">Our ISO Standard and Guideline Consulting Services<\/span><\/div><\/div><\/div><\/a><\/div><\/div><\/div><div class=\"wpb_column vc_column_container vc_col-sm-3\"><div class=\"vc_column-inner\"><div class=\"wpb_wrapper\"><style>.vcex-image-banner.vcex_69f39c88dcbce .vcex-ib-overlay-bg{background-color:rgba(10,10,10,0.42);opacity:0.9;}.vcex-image-banner.vcex_69f39c88dcbce .vcex-ib-button-inner{font-size:18px;font-weight:700;background:rgba(165,165,165,0.01);}.vcex-image-banner.vcex_69f39c88dcbce .vcex-ib-img{transition-duration:0.9s;}<\/style><a class=\"vcex-module vcex-image-banner vcex-image-banner-has-link wpex-no-underline wpex-flex wpex-flex-col wpex-w-100 wpex-justify-center wpex-relative wpex-overflow-hidden wpex-bg-gray-900 wpex-text-white wpex-hover-text-white wpex-text-center vcex-h-zoom wpex-isolate vcex-has-button equal-height-content vcex_69f39c88dcbce\" href=\"https:\/\/www.d-tek.com.tr\/en\/inovasyon-yonetimi\/\" title=\"Innovation Management\"><span class=\"vcex-ib-img wpex-block wpex-transition-all wpex-duration-500 wpex-bg-cover wpex-absolute wpex-inset-0\" style=\"background-image:url(https:\/\/www.d-tek.com.tr\/wp-content\/uploads\/2020\/01\/6.jpg);\"><\/span><div class=\"vcex-ib-overlay wpex-absolute wpex-inset-0 wpex-transition-all wpex-duration-500\"><div class=\"vcex-ib-overlay-bg wpex-absolute wpex-inset-0 wpex-bg-black wpex-opacity-30\"><\/div><\/div><div class=\"vcex-ib-content-wrap wpex-w-100 wpex-transition-all wpex-duration-500 wpex-py-100 wpex-relative\"><div class=\"vcex-ib-content wpex-mx-auto\"><div class=\"vcex-ib-button\"><span class=\"vcex-ib-button-inner theme-button\">Innovation Management<\/span><\/div><\/div><\/div><\/a><\/div><\/div><\/div><div class=\"wpb_column vc_column_container vc_col-sm-3\"><div class=\"vc_column-inner\"><div class=\"wpb_wrapper\"><style>.vcex-image-banner.vcex_69f39c88de74a .vcex-ib-overlay-bg{background-color:rgba(10,10,10,0.42);opacity:0.9;}.vcex-image-banner.vcex_69f39c88de74a .vcex-ib-button-inner{font-size:18px;font-weight:700;background:rgba(165,165,165,0.01);}.vcex-image-banner.vcex_69f39c88de74a .vcex-ib-img{transition-duration:0.9s;}<\/style><a class=\"vcex-module vcex-image-banner vcex-image-banner-has-link wpex-no-underline wpex-flex wpex-flex-col wpex-w-100 wpex-justify-center wpex-relative wpex-overflow-hidden wpex-bg-gray-900 wpex-text-white wpex-hover-text-white wpex-text-center vcex-h-zoom wpex-isolate vcex-has-button equal-height-content vcex_69f39c88de74a\" href=\"https:\/\/www.d-tek.com.tr\/en\/is-surekliligi-yonetimi\/\" title=\"Business Continuity Management\"><span class=\"vcex-ib-img wpex-block wpex-transition-all wpex-duration-500 wpex-bg-cover wpex-absolute wpex-inset-0\" style=\"background-image:url(https:\/\/www.d-tek.com.tr\/wp-content\/uploads\/2020\/01\/2.jpg);\"><\/span><div class=\"vcex-ib-overlay wpex-absolute wpex-inset-0 wpex-transition-all wpex-duration-500\"><div class=\"vcex-ib-overlay-bg wpex-absolute wpex-inset-0 wpex-bg-black wpex-opacity-30\"><\/div><\/div><div class=\"vcex-ib-content-wrap wpex-w-100 wpex-transition-all wpex-duration-500 wpex-py-100 wpex-relative\"><div class=\"vcex-ib-content wpex-mx-auto\"><div class=\"vcex-ib-button\"><span class=\"vcex-ib-button-inner theme-button\">Business Continuity Management<\/span><\/div><\/div><\/div><\/a><\/div><\/div><\/div><div class=\"wpb_column vc_column_container vc_col-sm-3\"><div class=\"vc_column-inner\"><div class=\"wpb_wrapper\"><style>.vcex-image-banner.vcex_69f39c88e000e .vcex-ib-overlay-bg{background-color:rgba(10,10,10,0.42);opacity:0.9;}.vcex-image-banner.vcex_69f39c88e000e .vcex-ib-button-inner{font-size:18px;font-weight:700;background:rgba(165,165,165,0.01);}.vcex-image-banner.vcex_69f39c88e000e .vcex-ib-img{transition-duration:0.9s;}<\/style><a class=\"vcex-module vcex-image-banner vcex-image-banner-has-link wpex-no-underline wpex-flex wpex-flex-col wpex-w-100 wpex-justify-center wpex-relative wpex-overflow-hidden wpex-bg-gray-900 wpex-text-white wpex-hover-text-white wpex-text-center vcex-h-zoom wpex-isolate vcex-has-button equal-height-content vcex_69f39c88e000e\" href=\"https:\/\/www.d-tek.com.tr\/en\/hizmetlerimiz\/danismanliklarimiz\/risk-yonetimi\/\" title=\"Risk Management\"><span class=\"vcex-ib-img wpex-block wpex-transition-all wpex-duration-500 wpex-bg-cover wpex-absolute wpex-inset-0\" style=\"background-image:url(https:\/\/www.d-tek.com.tr\/wp-content\/uploads\/2020\/01\/7.jpg);\"><\/span><div class=\"vcex-ib-overlay wpex-absolute wpex-inset-0 wpex-transition-all wpex-duration-500\"><div class=\"vcex-ib-overlay-bg wpex-absolute wpex-inset-0 wpex-bg-black wpex-opacity-30\"><\/div><\/div><div class=\"vcex-ib-content-wrap wpex-w-100 wpex-transition-all wpex-duration-500 wpex-py-100 wpex-relative\"><div class=\"vcex-ib-content wpex-mx-auto\"><div class=\"vcex-ib-button\"><span class=\"vcex-ib-button-inner theme-button\">Risk Management<\/span><\/div><\/div><\/div><\/a><\/div><\/div><\/div><\/div><div class=\"vc_row wpb_row vc_row-fluid wpex-relative\"><div class=\"wpb_column vc_column_container vc_col-sm-3\"><div class=\"vc_column-inner\"><div class=\"wpb_wrapper\"><style>.vcex-image-banner.vcex_69f39c88e1d69 .vcex-ib-overlay-bg{background-color:rgba(10,10,10,0.42);opacity:0.9;}.vcex-image-banner.vcex_69f39c88e1d69 .vcex-ib-button-inner{font-size:18px;font-weight:700;background:rgba(165,165,165,0.01);}.vcex-image-banner.vcex_69f39c88e1d69 .vcex-ib-img{transition-duration:0.9s;}<\/style><a class=\"vcex-module vcex-image-banner vcex-image-banner-has-link wpex-no-underline wpex-flex wpex-flex-col wpex-w-100 wpex-justify-center wpex-relative wpex-overflow-hidden wpex-bg-gray-900 wpex-text-white wpex-hover-text-white wpex-text-center vcex-h-zoom wpex-isolate vcex-has-button equal-height-content vcex_69f39c88e1d69\" href=\"https:\/\/www.d-tek.com.tr\/en\/hizmetlerimiz\/danismanliklarimiz\/saglik-hizmetlerinde-kalite\/\" title=\"Quality in Healthcare Services\"><span class=\"vcex-ib-img wpex-block wpex-transition-all wpex-duration-500 wpex-bg-cover wpex-absolute wpex-inset-0\" style=\"background-image:url(https:\/\/www.d-tek.com.tr\/wp-content\/uploads\/2020\/02\/JGlCLOUHRCU_maxres.jpg);\"><\/span><div class=\"vcex-ib-overlay wpex-absolute wpex-inset-0 wpex-transition-all wpex-duration-500\"><div class=\"vcex-ib-overlay-bg wpex-absolute wpex-inset-0 wpex-bg-black wpex-opacity-30\"><\/div><\/div><div class=\"vcex-ib-content-wrap wpex-w-100 wpex-transition-all wpex-duration-500 wpex-py-100 wpex-relative\"><div class=\"vcex-ib-content wpex-mx-auto\"><div class=\"vcex-ib-button\"><span class=\"vcex-ib-button-inner theme-button\">Quality in Healthcare Services<\/span><\/div><\/div><\/div><\/a><\/div><\/div><\/div><div class=\"wpb_column vc_column_container vc_col-sm-3\"><div class=\"vc_column-inner\"><div class=\"wpb_wrapper\"><style>.vcex-image-banner.vcex_69f39c88e36db .vcex-ib-overlay-bg{background-color:rgba(10,10,10,0.42);opacity:0.9;}.vcex-image-banner.vcex_69f39c88e36db .vcex-ib-button-inner{font-size:18px;font-weight:700;background:rgba(165,165,165,0.01);}.vcex-image-banner.vcex_69f39c88e36db .vcex-ib-img{transition-duration:0.9s;}<\/style><a class=\"vcex-module vcex-image-banner vcex-image-banner-has-link wpex-no-underline wpex-flex wpex-flex-col wpex-w-100 wpex-justify-center wpex-relative wpex-overflow-hidden wpex-bg-gray-900 wpex-text-white wpex-hover-text-white wpex-text-center vcex-h-zoom wpex-isolate vcex-has-button equal-height-content vcex_69f39c88e36db\" href=\"https:\/\/www.d-tek.com.tr\/en\/hizmetlerimiz\/danismanliklarimiz\/surec-yonetimi\/\" title=\"Process Management\"><span class=\"vcex-ib-img wpex-block wpex-transition-all wpex-duration-500 wpex-bg-cover wpex-absolute wpex-inset-0\" style=\"background-image:url(https:\/\/www.d-tek.com.tr\/wp-content\/uploads\/2020\/01\/5.jpg);\"><\/span><div class=\"vcex-ib-overlay wpex-absolute wpex-inset-0 wpex-transition-all wpex-duration-500\"><div class=\"vcex-ib-overlay-bg wpex-absolute wpex-inset-0 wpex-bg-black wpex-opacity-30\"><\/div><\/div><div class=\"vcex-ib-content-wrap wpex-w-100 wpex-transition-all wpex-duration-500 wpex-py-100 wpex-relative\"><div class=\"vcex-ib-content wpex-mx-auto\"><div class=\"vcex-ib-button\"><span class=\"vcex-ib-button-inner theme-button\">Process Management<\/span><\/div><\/div><\/div><\/a><\/div><\/div><\/div><div class=\"wpb_column vc_column_container vc_col-sm-3\"><div class=\"vc_column-inner\"><div class=\"wpb_wrapper\"><style>.vcex-image-banner.vcex_69f39c88e50b5 .vcex-ib-overlay-bg{opacity:0.9;}.vcex-image-banner.vcex_69f39c88e50b5 .vcex-ib-title{font-size:18px;font-weight:700;}.vcex-image-banner.vcex_69f39c88e50b5 .vcex-ib-button-inner{font-size:18px;font-weight:700;}.vcex-image-banner.vcex_69f39c88e50b5 .vcex-ib-button-inner:hover{background:rgba(0,0,0,0.01);}<\/style><a class=\"vcex-module vcex-image-banner vcex-image-banner-has-link wpex-no-underline wpex-flex wpex-flex-col wpex-w-100 wpex-justify-center wpex-relative wpex-overflow-hidden wpex-bg-gray-900 wpex-text-white wpex-hover-text-white wpex-text-center equal-height-content vcex_69f39c88e50b5\" href=\"https:\/\/www.d-tek.com.tr\/en\/hizmetlerimiz\/danismanliklarimiz\/dijital-cozumlerde-danismanliklarimiz\/\" title=\"Our Consulting Services in Digital Solutions\" target=\"_blank\" rel=\"noopener noreferrer\"><span class=\"vcex-ib-img wpex-block wpex-transition-all wpex-duration-500 wpex-bg-cover wpex-absolute wpex-inset-0\" style=\"background-image:url(https:\/\/www.d-tek.com.tr\/wp-content\/uploads\/2022\/09\/Dijital-cozumler.jpg);\"><\/span><div class=\"vcex-ib-content-wrap wpex-w-100 wpex-transition-all wpex-duration-500 wpex-py-100 wpex-relative\"><div class=\"vcex-ib-content wpex-mx-auto\"><div class=\"vcex-ib-title wpex-heading wpex-inherit-color-important\">Our Consulting Services in Digital Solutions<\/div><\/div><\/div><\/a><\/div><\/div><\/div><div class=\"wpb_column vc_column_container vc_col-sm-3\"><div class=\"vc_column-inner\"><div class=\"wpb_wrapper\"><\/div><\/div><\/div><\/div>\n<\/div>","protected":false},"excerpt":{"rendered":"ISO Standart ve K\u0131lavuz Dan\u0131\u015fmanl\u0131klar\u0131m\u0131z\u0130novasyon Y\u00f6netimi\u0130\u015f S\u00fcreklili\u011fi Y\u00f6netimiRisk Y\u00f6netimiSa\u011fl\u0131k Hizmetlerinde KaliteS\u00fcre\u00e7 Y\u00f6netimiDijital \u00c7\u00f6z\u00fcmlerde Dan\u0131\u015fmanl\u0131klar\u0131m\u0131z","protected":false},"author":1,"featured_media":0,"parent":16245,"menu_order":0,"comment_status":"closed","ping_status":"closed","template":"templates\/no-sidebar.php","meta":{"footnotes":""},"class_list":["post-16250","page","type-page","status-publish","hentry","entry","no-media"],"_links":{"self":[{"href":"https:\/\/www.d-tek.com.tr\/en\/wp-json\/wp\/v2\/pages\/16250","targetHints":{"allow":["GET"]}}],"collection":[{"href":"https:\/\/www.d-tek.com.tr\/en\/wp-json\/wp\/v2\/pages"}],"about":[{"href":"https:\/\/www.d-tek.com.tr\/en\/wp-json\/wp\/v2\/types\/page"}],"author":[{"embeddable":true,"href":"https:\/\/www.d-tek.com.tr\/en\/wp-json\/wp\/v2\/users\/1"}],"replies":[{"embeddable":true,"href":"https:\/\/www.d-tek.com.tr\/en\/wp-json\/wp\/v2\/comments?post=16250"}],"version-history":[{"count":27,"href":"https:\/\/www.d-tek.com.tr\/en\/wp-json\/wp\/v2\/pages\/16250\/revisions"}],"predecessor-version":[{"id":17198,"href":"https:\/\/www.d-tek.com.tr\/en\/wp-json\/wp\/v2\/pages\/16250\/revisions\/17198"}],"up":[{"embeddable":true,"href":"https:\/\/www.d-tek.com.tr\/en\/wp-json\/wp\/v2\/pages\/16245"}],"wp:attachment":[{"href":"https:\/\/www.d-tek.com.tr\/en\/wp-json\/wp\/v2\/media?parent=16250"}],"curies":[{"name":"wp","href":"https:\/\/api.w.org\/{rel}","templated":true}]}}