{"id":16227,"date":"2020-01-31T13:17:47","date_gmt":"2020-01-31T10:17:47","guid":{"rendered":"https:\/\/www.d-tek.com.tr\/?page_id=16227"},"modified":"2022-09-22T22:57:07","modified_gmt":"2022-09-22T19:57:07","slug":"anasayfa","status":"publish","type":"page","link":"https:\/\/www.d-tek.com.tr\/en\/","title":{"rendered":"Main Page"},"content":{"rendered":"<div class=\"wpb-content-wrapper\"><div class=\"vc_row wpb_row vc_row-fluid wpex-relative\"><div class=\"wpb_column vc_column_container vc_col-sm-12\"><div class=\"vc_column-inner\"><div class=\"wpb_wrapper\">\n\t<div class=\"wpb_text_column wpb_content_element\" >\n\t\t<div class=\"wpb_wrapper\">\n\t\t\t<p><strong><span lang=\"IT\">D-Tek<\/span><span lang=\"IT\"> Technology Development, Production, Training and Consulting<\/span><\/strong><\/p>\n\n\t\t<\/div>\n\t<\/div>\n<div class=\"vc_empty_space\"   style=\"height: 25px\"><span class=\"vc_empty_space_inner\"><\/span><\/div><style>.vcex-heading.vcex_69f38e90bae25{color:#040487;font-weight:800;}<\/style><h1 class=\"vcex-heading vcex-heading-plain vcex-module wpex-heading wpex-text-2xl wpex-text-center vc_custom_1580322487757 vcex_69f38e90bae25\"><span class=\"vcex-heading-inner wpex-inline-block\">Our Services<\/span><\/h1><\/div><\/div><\/div><\/div><div class=\"vc_row wpb_row vc_row-fluid wpex-relative\"><div class=\"wpb_column vc_column_container vc_col-sm-1\/5\"><div class=\"vc_column-inner\"><div class=\"wpb_wrapper\"><style>.vcex-image-banner.vcex_69f38e90bca5d .vcex-ib-overlay-bg{background-color:rgba(10,10,10,0.42);opacity:0.9;}.vcex-image-banner.vcex_69f38e90bca5d .vcex-ib-button-inner{font-size:18px;font-weight:700;background:rgba(165,165,165,0.01);}.vcex-image-banner.vcex_69f38e90bca5d .vcex-ib-img{transition-duration:0.9s;}<\/style><a class=\"vcex-module vcex-image-banner vcex-image-banner-has-link wpex-no-underline wpex-flex wpex-flex-col wpex-w-100 wpex-justify-center wpex-relative wpex-overflow-hidden wpex-bg-gray-900 wpex-text-white wpex-hover-text-white wpex-text-center vcex-h-zoom wpex-isolate vcex-has-button equal-height-content vcex_69f38e90bca5d\" href=\"https:\/\/www.d-tek.com.tr\/en\/hizmetlerimiz\/danismanliklarimiz\/\" title=\"Our Consulting Services\"><span class=\"vcex-ib-img wpex-block wpex-transition-all wpex-duration-500 wpex-bg-cover wpex-absolute wpex-inset-0\" style=\"background-image:url(https:\/\/www.d-tek.com.tr\/wp-content\/uploads\/2020\/01\/10.jpg);\"><\/span><div class=\"vcex-ib-overlay wpex-absolute wpex-inset-0 wpex-transition-all wpex-duration-500\"><div class=\"vcex-ib-overlay-bg wpex-absolute wpex-inset-0 wpex-bg-black wpex-opacity-30\"><\/div><\/div><div class=\"vcex-ib-content-wrap wpex-w-100 wpex-transition-all wpex-duration-500 wpex-py-100 wpex-relative\"><div class=\"vcex-ib-content wpex-mx-auto\"><div class=\"vcex-ib-button\"><span class=\"vcex-ib-button-inner theme-button\">D-Tek Consulting<\/span><\/div><\/div><\/div><\/a><\/div><\/div><\/div><div class=\"wpb_column vc_column_container vc_col-sm-1\/5\"><div class=\"vc_column-inner\"><div class=\"wpb_wrapper\"><style>.vcex-image-banner.vcex_69f38e90be832 .vcex-ib-overlay-bg{background-color:rgba(10,10,10,0.42);opacity:0.9;}.vcex-image-banner.vcex_69f38e90be832 .vcex-ib-button-inner{font-size:18px;font-weight:700;background:rgba(165,165,165,0.01);}.vcex-image-banner.vcex_69f38e90be832 .vcex-ib-img{transition-duration:0.9s;}<\/style><a class=\"vcex-module vcex-image-banner vcex-image-banner-has-link wpex-no-underline wpex-flex wpex-flex-col wpex-w-100 wpex-justify-center wpex-relative wpex-overflow-hidden wpex-bg-gray-900 wpex-text-white wpex-hover-text-white wpex-text-center vcex-h-zoom wpex-isolate vcex-has-button equal-height-content vcex_69f38e90be832\" href=\"https:\/\/www.d-tek.com.tr\/en\/hizmetlerimiz\/egitimlerimiz\/\" title=\"Our trainings\"><span class=\"vcex-ib-img wpex-block wpex-transition-all wpex-duration-500 wpex-bg-cover wpex-absolute wpex-inset-0\" style=\"background-image:url(https:\/\/www.d-tek.com.tr\/wp-content\/uploads\/2020\/01\/9.jpg);\"><\/span><div class=\"vcex-ib-overlay wpex-absolute wpex-inset-0 wpex-transition-all wpex-duration-500\"><div class=\"vcex-ib-overlay-bg wpex-absolute wpex-inset-0 wpex-bg-black wpex-opacity-30\"><\/div><\/div><div class=\"vcex-ib-content-wrap wpex-w-100 wpex-transition-all wpex-duration-500 wpex-py-100 wpex-relative\"><div class=\"vcex-ib-content wpex-mx-auto\"><div class=\"vcex-ib-button\"><span class=\"vcex-ib-button-inner theme-button\">D-Tek Education<\/span><\/div><\/div><\/div><\/a><\/div><\/div><\/div><div class=\"wpb_column vc_column_container vc_col-sm-1\/5\"><div class=\"vc_column-inner\"><div class=\"wpb_wrapper\"><style>.vcex-image-banner.vcex_69f38e90c26ba .vcex-ib-content{max-width:220px;}.vcex-image-banner.vcex_69f38e90c26ba .vcex-ib-overlay-bg{background-color:rgba(10,10,10,0.42);opacity:0.9;}.vcex-image-banner.vcex_69f38e90c26ba .vcex-ib-button-inner{font-size:18px;font-weight:700;background:rgba(165,165,165,0.01);}.vcex-image-banner.vcex_69f38e90c26ba .vcex-ib-img{transition-duration:0.9s;}<\/style><a class=\"vcex-module vcex-image-banner vcex-image-banner-has-link wpex-no-underline wpex-flex wpex-flex-col wpex-w-100 wpex-justify-center wpex-relative wpex-overflow-hidden wpex-bg-gray-900 wpex-text-white wpex-hover-text-white wpex-text-center vcex-h-zoom wpex-isolate vcex-has-button equal-height-content vcex_69f38e90c26ba\" href=\"https:\/\/www.d-tek.com.tr\/en\/projelerimiz\/\" title=\"Our projects\"><span class=\"vcex-ib-img wpex-block wpex-transition-all wpex-duration-500 wpex-bg-cover wpex-absolute wpex-inset-0\" style=\"background-image:url(https:\/\/www.d-tek.com.tr\/wp-content\/uploads\/2020\/01\/5.jpg);\"><\/span><div class=\"vcex-ib-overlay wpex-absolute wpex-inset-0 wpex-transition-all wpex-duration-500\"><div class=\"vcex-ib-overlay-bg wpex-absolute wpex-inset-0 wpex-bg-black wpex-opacity-30\"><\/div><\/div><div class=\"vcex-ib-content-wrap wpex-w-100 wpex-transition-all wpex-duration-500 wpex-py-100 wpex-relative\"><div class=\"vcex-ib-content wpex-mx-auto\"><div class=\"vcex-ib-button\"><span class=\"vcex-ib-button-inner theme-button\">D-Tek Research, Development and Production<\/span><\/div><\/div><\/div><\/a><\/div><\/div><\/div><div class=\"wpb_column vc_column_container vc_col-sm-1\/5\"><div class=\"vc_column-inner\"><div class=\"wpb_wrapper\"><style>.vcex-image-banner.vcex_69f38e90c6f0d .vcex-ib-overlay-bg{background-color:rgba(10,10,10,0.42);opacity:0.9;}.vcex-image-banner.vcex_69f38e90c6f0d .vcex-ib-button-inner{font-size:18px;font-weight:700;background:rgba(165,165,165,0.01);}.vcex-image-banner.vcex_69f38e90c6f0d .vcex-ib-img{transition-duration:0.9s;}<\/style><a class=\"vcex-module vcex-image-banner vcex-image-banner-has-link wpex-no-underline wpex-flex wpex-flex-col wpex-w-100 wpex-justify-center wpex-relative wpex-overflow-hidden wpex-bg-gray-900 wpex-text-white wpex-hover-text-white wpex-text-center vcex-h-zoom wpex-isolate vcex-has-button equal-height-content vcex_69f38e90c6f0d\" href=\"https:\/\/www.d-tek.com.tr\/en\/hizmetlerimiz\/topluma-acik-bilgi-paylasim-videolari\/\" title=\"Public Information Sharing Videos\"><span class=\"vcex-ib-img wpex-block wpex-transition-all wpex-duration-500 wpex-bg-cover wpex-absolute wpex-inset-0\" style=\"background-image:url(https:\/\/www.d-tek.com.tr\/wp-content\/uploads\/2020\/01\/2.jpg);\"><\/span><div class=\"vcex-ib-overlay wpex-absolute wpex-inset-0 wpex-transition-all wpex-duration-500\"><div class=\"vcex-ib-overlay-bg wpex-absolute wpex-inset-0 wpex-bg-black wpex-opacity-30\"><\/div><\/div><div class=\"vcex-ib-content-wrap wpex-w-100 wpex-transition-all wpex-duration-500 wpex-py-100 wpex-relative\"><div class=\"vcex-ib-content wpex-mx-auto\"><div class=\"vcex-ib-button\"><span class=\"vcex-ib-button-inner theme-button\">D-Tek Information Platform<\/span><\/div><\/div><\/div><\/a><\/div><\/div><\/div><div class=\"wpb_column vc_column_container vc_col-sm-1\/5\"><div class=\"vc_column-inner\"><div class=\"wpb_wrapper\"><style>.vcex-image-banner.vcex_69f38e90cb2f3 .vcex-ib-overlay-bg{background-color:rgba(10,10,10,0.42);opacity:0.9;}.vcex-image-banner.vcex_69f38e90cb2f3 .vcex-ib-title{font-weight:700;}.vcex-image-banner.vcex_69f38e90cb2f3 .vcex-ib-caption{font-size:18px;font-weight:700;}.vcex-image-banner.vcex_69f38e90cb2f3 .vcex-ib-button-inner{font-size:18px;font-weight:700;background:rgba(165,165,165,0.01);}.vcex-image-banner.vcex_69f38e90cb2f3 .vcex-ib-img{transition-duration:0.9s;}<\/style><a class=\"vcex-module vcex-image-banner vcex-image-banner-has-link wpex-no-underline wpex-flex wpex-flex-col wpex-w-100 wpex-justify-center wpex-relative wpex-overflow-hidden wpex-bg-gray-900 wpex-text-white wpex-hover-text-white wpex-text-center vcex-h-zoom wpex-isolate equal-height-content vcex_69f38e90cb2f3\" href=\"https:\/\/www.d-tek.com.tr\/en\/hizmetlerimiz\/veri-analizi-ve-hesaplama-hizmetlerimiz\/\" title=\"Our Data Analysis and Computing Services\" target=\"_blank\" rel=\"noopener noreferrer\"><span class=\"vcex-ib-img wpex-block wpex-transition-all wpex-duration-500 wpex-bg-cover wpex-absolute wpex-inset-0\" style=\"background-image:url(https:\/\/www.d-tek.com.tr\/wp-content\/uploads\/2020\/01\/8.jpg);\"><\/span><div class=\"vcex-ib-overlay wpex-absolute wpex-inset-0 wpex-transition-all wpex-duration-500\"><div class=\"vcex-ib-overlay-bg wpex-absolute wpex-inset-0 wpex-bg-black wpex-opacity-30\"><\/div><\/div><div class=\"vcex-ib-content-wrap wpex-w-100 wpex-transition-all wpex-duration-500 wpex-py-100 wpex-relative\"><div class=\"vcex-ib-content wpex-mx-auto\"><div class=\"vcex-ib-caption wpex-text-lg wpex-last-mb-0\">Our Data Analysis and Computing Services<\/div><\/div><\/div><\/a><\/div><\/div><\/div><\/div><div class=\"vc_row wpb_row vc_row-fluid bg-fixed vc_custom_1580403316968 wpex-vc-full-width-row wpex-relative wpex-vc_row-has-fill no-bottom-margins wpex-vc-reset-negative-margin wpex-has-overlay wpex-has-overlay--69f38e90cd83a\"><div class=\"wpex-bg-overlay-wrap wpex-absolute wpex-inset-0 wpex-rounded-inherit\"><style class=\"wpex-bg-overlay-css\">.wpex-has-overlay--69f38e90cd83a > .wpex-bg-overlay-wrap .wpex-bg-overlay{background-color:rgba(12,12,12,0.57);opacity:0.90;}<\/style><span class=\"wpex-bg-overlay color wpex-absolute wpex-inset-0 wpex-rounded-inherit wpex-duration-500 wpex-opacity-60 wpex-bg-black\"><\/span><\/div><div class=\"wpb_column vc_column_container vc_col-sm-12\"><div style=\"margin-bottom: 0px;\" class=\"vc_column-inner\"><div class=\"wpb_wrapper\"><style>.vcex-heading.vcex_69f38e90cfe95{color:#ffffff;font-size:32px;}<\/style><div class=\"vcex-heading vcex-heading-plain vcex-module wpex-heading wpex-text-2xl wpex-text-center vc_custom_1580811491188 vcex_69f38e90cfe95\"><span class=\"vcex-heading-inner wpex-inline-block\">Why D-Tek?<\/span><\/div>\n\t<div style=\"color:#ffffff;font-size:20px;text-align:center;\" class=\"wpb_text_column has-custom-color wpex-child-inherit-color wpb_content_element\" >\n\t\t<div class=\"wpb_wrapper\">\n\t\t\t<p>We are your solution partner in ensuring the quality, continuity, sustainability, and innovation of your business, so you can move forward with confidence into the future.<\/p>\n\n\t\t<\/div>\n\t<\/div>\n\n\t<div style=\"color:#ffffff;font-size:20px;text-align:center;\" class=\"wpb_text_column has-custom-color wpex-child-inherit-color wpb_content_element vc_custom_1580811505154\" >\n\t\t<div class=\"wpb_wrapper\">\n\t\t\t<p>We are here to support you in developing your future success strategies through risk-based process management.<\/p>\n\n\t\t<\/div>\n\t<\/div>\n<div class=\"vcex-spacing wpex-w-100 wpex-clear\" style=\"height:10px;\"><\/div><\/div><\/div><\/div><\/div>\n<\/div>","protected":false},"excerpt":{"rendered":"D-Tek Teknoloji Geli\u015ftirme, \u00dcretim, E\u011fitim ve Dan\u0131\u015fmanl\u0131k HizmetlerimizD-Tek Dan\u0131\u015fmanl\u0131kD-Tek E\u011fitimD-Tek Ara\u015ft\u0131rma-Geli\u015ftirme ve \u00dcretimD-Tek Bilgi PlatformuVeri Analizi ve Hesaplama HizmetlerimizNeden D-Tek ? Gelece\u011fe g\u00fcvenle ilerlemek i\u00e7in i\u015finizin kalitesi, s\u00fcreklili\u011fi, s\u00fcrd\u00fcr\u00fclebilirli\u011fi ve yenilik\u00e7i olmas\u0131 yolunda \u00e7\u00f6z\u00fcm orta\u011f\u0131n\u0131z\u0131z. Gelecekte ba\u015far\u0131 i\u00e7in stratejilerinizin risk temelli s\u00fcre\u00e7 y\u00f6netimleriyle olu\u015fturulmas\u0131nda yan\u0131n\u0131zday\u0131z.","protected":false},"author":1,"featured_media":0,"parent":0,"menu_order":0,"comment_status":"closed","ping_status":"closed","template":"templates\/no-sidebar.php","meta":{"footnotes":""},"class_list":["post-16227","page","type-page","status-publish","hentry","entry","no-media"],"_links":{"self":[{"href":"https:\/\/www.d-tek.com.tr\/en\/wp-json\/wp\/v2\/pages\/16227","targetHints":{"allow":["GET"]}}],"collection":[{"href":"https:\/\/www.d-tek.com.tr\/en\/wp-json\/wp\/v2\/pages"}],"about":[{"href":"https:\/\/www.d-tek.com.tr\/en\/wp-json\/wp\/v2\/types\/page"}],"author":[{"embeddable":true,"href":"https:\/\/www.d-tek.com.tr\/en\/wp-json\/wp\/v2\/users\/1"}],"replies":[{"embeddable":true,"href":"https:\/\/www.d-tek.com.tr\/en\/wp-json\/wp\/v2\/comments?post=16227"}],"version-history":[{"count":17,"href":"https:\/\/www.d-tek.com.tr\/en\/wp-json\/wp\/v2\/pages\/16227\/revisions"}],"predecessor-version":[{"id":17138,"href":"https:\/\/www.d-tek.com.tr\/en\/wp-json\/wp\/v2\/pages\/16227\/revisions\/17138"}],"wp:attachment":[{"href":"https:\/\/www.d-tek.com.tr\/en\/wp-json\/wp\/v2\/media?parent=16227"}],"curies":[{"name":"wp","href":"https:\/\/api.w.org\/{rel}","templated":true}]}}